{"id":2387,"date":"2021-11-30T14:08:18","date_gmt":"2021-11-30T13:08:18","guid":{"rendered":"https:\/\/ecotechceram.com\/impressum\/"},"modified":"2021-11-30T14:08:18","modified_gmt":"2021-11-30T13:08:18","slug":"impressum","status":"publish","type":"page","link":"https:\/\/ecotechceram.com\/de\/impressum\/","title":{"rendered":"Impressum"},"content":{"rendered":"<ol>\n<li><u> WEBSITE-PR\u00c4SENTATION<\/u><\/li>\n<\/ol>\n<p>&nbsp;<\/p>\n<p><strong>Eigent\u00fcmer: ECO-TECH CERAM <\/strong><\/p>\n<p>Hauptsitz: Rambla der Thermodynamik &#8211; 66100 Perpignan<\/p>\n<p>Eco-Tech Ceram, SAS mit einem Kapital von 566.548 \u20ac<\/p>\n<p>SIRENE: 801 331 000 RCS von Perpignan<\/p>\n<p>NAF: 7112B \u201eIngenieurwesen, technische Studien\u201c<\/p>\n<p><strong>Leiter der Ver\u00f6ffentlichung: <\/strong><\/p>\n<ol>\n<li>Antoine MEFFRE &#8211; 5 rue de Vidailhan 31130 BALMA &#8211; contact@ecotechceram.com &#8211; 04 48 07 04 89<\/li>\n<\/ol>\n<p><strong>Gastgeber : <\/strong><\/p>\n<p>OVH &#8211; 2 rue Kellermann &#8211; 59100 Roubaix<\/p>\n<p>&nbsp;<\/p>\n<ol start=\"2\">\n<li><u> GEISTIGES EIGENTUM UND VERLETZUNGEN<\/u><\/li>\n<\/ol>\n<p>&nbsp;<\/p>\n<p>Die Firma ECO-TECH CERAM ist Inhaber der geistigen Eigentumsrechte oder besitzt die Nutzungsrechte an allen auf der Website zug\u00e4nglichen Elementen, insbesondere den Texten, Bildern, Grafiken, Logos, Symbolen, Sounds, Software.<\/p>\n<p>Jegliche Vervielf\u00e4ltigung, Darstellung, \u00c4nderung, Ver\u00f6ffentlichung, Anpassung aller oder eines Teils der Elemente der Website, unabh\u00e4ngig von den verwendeten Mitteln oder Verfahren, ist ohne vorherige schriftliche Genehmigung der Firma ECO-TECH CERAM verboten.<\/p>\n<p>Jede unbefugte Nutzung der Website oder eines der darin enthaltenen Elemente wird als Versto\u00df angesehen und gem\u00e4\u00df den Bestimmungen der Artikel L.335-2 und folgende des Gesetzes \u00fcber geistiges Eigentum strafrechtlich verfolgt.<\/p>\n<p>Bildnachweis: Adobe Stock \u2013 Unsplash \u2013 Eco-Tech Ceram<\/p>\n<p>&nbsp;<\/p>\n<ol start=\"3\">\n<li><u> \u00c4NDERUNGEN<\/u><\/li>\n<\/ol>\n<p>&nbsp;<\/p>\n<p>ECO-TECH CERAM kann die auf dieser Website bereitgestellten Informationen jederzeit und ohne Vorank\u00fcndigung \u00e4ndern.<\/p>\n<p>&nbsp;<\/p>\n<ol start=\"4\">\n<li><u> VERWALTUNG PERSONENBEZOGENER DATEN<\/u><\/li>\n<\/ol>\n<p>&nbsp;<\/p>\n<p>In Frankreich sind personenbezogene Daten insbesondere durch das Gesetz Nr. 78-87 vom 6. Januar 1978, das Gesetz Nr. 2004-801 vom 6. August 2004, Artikel L. 226-13 des Strafgesetzbuches und die Europ\u00e4ische Richtlinie vom 24. Oktober gesch\u00fctzt , 1995.<\/p>\n<p>Bei der Nutzung der Website www.ecotechceram.com kann Folgendes erfasst werden: die URL der Links, \u00fcber die der Benutzer auf die Website www.ecotechceram.com zugegriffen hat, der Zugangsanbieter des Benutzers, die Internet Protocol (IP)-Adresse des Benutzer.<\/p>\n<p>In jedem Fall sammelt das Unternehmen ECO-TECH CERAM personenbezogene Daten des Benutzers nur f\u00fcr die Bed\u00fcrfnisse bestimmter Dienste, die auf der Website www.ecotechceram.com angeboten werden. Der Nutzer stellt diese Informationen in voller Kenntnis der Sachlage zur Verf\u00fcgung, insbesondere wenn er sie selbst eingibt. Es wird dann dem Benutzer der Website www.ecotechceram.com die Verpflichtung angegeben, diese Informationen bereitzustellen oder nicht.<\/p>\n<p>Gem\u00e4\u00df den Bestimmungen der Artikel 38 und folgende des Gesetzes 78-17 vom 6. Januar 1978 \u00fcber die Datenverarbeitung, Dateien und Freiheiten hat jeder Benutzer ein Recht auf Zugang, Berichtigung und Widerspruch zu den ihn betreffenden personenbezogenen Daten, indem er seine schriftlicher und unterschriebener Antrag, begleitet von einer Kopie des Ausweisdokuments mit Unterschrift des Inhabers des Dokuments, unter Angabe der Adresse, an die die Antwort zu senden ist.<\/p>\n<p>Keine pers\u00f6nlichen Informationen des Benutzers der Website www.ecotechceram.com werden ohne Wissen des Benutzers ver\u00f6ffentlicht, ausgetauscht, \u00fcbertragen, abgetreten oder auf irgendeinem Medium an Dritte verkauft.<\/p>\n<p>&nbsp;<\/p>\n<ol start=\"5\">\n<li><u> HYPERTEXT-LINKS UND COOKIES<\/u><\/li>\n<\/ol>\n<p>&nbsp;<\/p>\n<p>Die Website www.ecotechceram.com enth\u00e4lt eine Reihe von Hypertext-Links zu anderen Websites, die mit Genehmigung von ECO-TECH CERAM eingerichtet wurden. Die Firma ECO-TECH CERAM hat jedoch keine M\u00f6glichkeit, den Inhalt der besuchten Seiten zu \u00fcberpr\u00fcfen und \u00fcbernimmt daher keine Verantwortung f\u00fcr diesen Umstand.<\/p>\n<p>Das Surfen auf der Website www.ecotechceram.com f\u00fchrt wahrscheinlich zur Installation von Cookies auf dem Computer des Benutzers. Ein Cookie ist eine kleine Datei, die keine Identifizierung des Benutzers erm\u00f6glicht, aber Informationen \u00fcber die Navigation eines Computers auf einer Website aufzeichnet. Die so erhaltenen Daten sollen die sp\u00e4tere Navigation auf der Website erleichtern und auch verschiedene Ma\u00dfnahmen zur Anwesenheit erm\u00f6glichen.<\/p>\n<p>Die Weigerung, ein Cookie zu installieren, kann den Zugriff auf bestimmte Dienste unm\u00f6glich machen.<\/p>\n<p>Der Benutzer kann dieses Cookie \u00fcber die in seiner Navigationssoftware angezeigten Parameter deaktivieren.<\/p>\n","protected":false},"excerpt":{"rendered":"<p>WEBSITE-PR\u00c4SENTATION &nbsp; Eigent\u00fcmer: ECO-TECH CERAM Hauptsitz: Rambla der Thermodynamik &#8211; [&hellip;]<\/p>\n","protected":false},"author":1,"featured_media":0,"parent":0,"menu_order":0,"comment_status":"closed","ping_status":"closed","template":"","meta":{"_monsterinsights_skip_tracking":false,"_monsterinsights_sitenote_active":false,"_monsterinsights_sitenote_note":"","_monsterinsights_sitenote_category":0,"footnotes":""},"class_list":["post-2387","page","type-page","status-publish","hentry"],"yoast_head":"<!-- This site is optimized with the Yoast SEO plugin v25.9 - https:\/\/yoast.com\/wordpress\/plugins\/seo\/ -->\n<title>Impressum - Eco-Tech Ceram<\/title>\n<meta name=\"robots\" content=\"index, follow, max-snippet:-1, max-image-preview:large, max-video-preview:-1\" \/>\n<link rel=\"canonical\" href=\"https:\/\/ecotechceram.com\/de\/impressum\/\" \/>\n<meta property=\"og:locale\" content=\"de_DE\" \/>\n<meta property=\"og:type\" content=\"article\" \/>\n<meta property=\"og:title\" content=\"Impressum - Eco-Tech Ceram\" \/>\n<meta property=\"og:description\" content=\"WEBSITE-PR\u00c4SENTATION &nbsp; Eigent\u00fcmer: ECO-TECH CERAM Hauptsitz: Rambla der Thermodynamik &#8211; [&hellip;]\" \/>\n<meta property=\"og:url\" content=\"https:\/\/ecotechceram.com\/de\/impressum\/\" \/>\n<meta property=\"og:site_name\" content=\"Eco-Tech Ceram\" \/>\n<meta property=\"article:publisher\" content=\"https:\/\/m.facebook.com\/ecotechceram\/?locale2=fr_FR\" \/>\n<meta name=\"twitter:card\" content=\"summary_large_image\" \/>\n<meta name=\"twitter:site\" content=\"@ecotechceram\" \/>\n<meta name=\"twitter:label1\" content=\"Gesch\u00e4tzte Lesezeit\" \/>\n\t<meta name=\"twitter:data1\" content=\"3\u00a0Minuten\" \/>\n<script type=\"application\/ld+json\" class=\"yoast-schema-graph\">{\"@context\":\"https:\/\/schema.org\",\"@graph\":[{\"@type\":\"WebPage\",\"@id\":\"https:\/\/ecotechceram.com\/de\/impressum\/\",\"url\":\"https:\/\/ecotechceram.com\/de\/impressum\/\",\"name\":\"Impressum - Eco-Tech Ceram\",\"isPartOf\":{\"@id\":\"https:\/\/ecotechceram.com\/en\/#website\"},\"datePublished\":\"2021-11-30T13:08:18+00:00\",\"breadcrumb\":{\"@id\":\"https:\/\/ecotechceram.com\/de\/impressum\/#breadcrumb\"},\"inLanguage\":\"de\",\"potentialAction\":[{\"@type\":\"ReadAction\",\"target\":[\"https:\/\/ecotechceram.com\/de\/impressum\/\"]}]},{\"@type\":\"BreadcrumbList\",\"@id\":\"https:\/\/ecotechceram.com\/de\/impressum\/#breadcrumb\",\"itemListElement\":[{\"@type\":\"ListItem\",\"position\":1,\"name\":\"Accueil\",\"item\":\"https:\/\/ecotechceram.com\/de\/heim\/\"},{\"@type\":\"ListItem\",\"position\":2,\"name\":\"Impressum\"}]},{\"@type\":\"WebSite\",\"@id\":\"https:\/\/ecotechceram.com\/en\/#website\",\"url\":\"https:\/\/ecotechceram.com\/en\/\",\"name\":\"Eco-Tech Ceram\",\"description\":\"La d\u00e9carbonation de l&#039;industrie\",\"publisher\":{\"@id\":\"https:\/\/ecotechceram.com\/en\/#organization\"},\"potentialAction\":[{\"@type\":\"SearchAction\",\"target\":{\"@type\":\"EntryPoint\",\"urlTemplate\":\"https:\/\/ecotechceram.com\/en\/?s={search_term_string}\"},\"query-input\":{\"@type\":\"PropertyValueSpecification\",\"valueRequired\":true,\"valueName\":\"search_term_string\"}}],\"inLanguage\":\"de\"},{\"@type\":\"Organization\",\"@id\":\"https:\/\/ecotechceram.com\/en\/#organization\",\"name\":\"Eco-Tech Ceram\",\"url\":\"https:\/\/ecotechceram.com\/en\/\",\"logo\":{\"@type\":\"ImageObject\",\"inLanguage\":\"de\",\"@id\":\"https:\/\/ecotechceram.com\/en\/#\/schema\/logo\/image\/\",\"url\":\"https:\/\/ecotechceram.com\/wp-content\/uploads\/2021\/07\/ecotechceram-logo-retina.png\",\"contentUrl\":\"https:\/\/ecotechceram.com\/wp-content\/uploads\/2021\/07\/ecotechceram-logo-retina.png\",\"width\":320,\"height\":160,\"caption\":\"Eco-Tech Ceram\"},\"image\":{\"@id\":\"https:\/\/ecotechceram.com\/en\/#\/schema\/logo\/image\/\"},\"sameAs\":[\"https:\/\/m.facebook.com\/ecotechceram\/?locale2=fr_FR\",\"https:\/\/x.com\/ecotechceram\",\"https:\/\/www.linkedin.com\/company\/10251563\"]}]}<\/script>\n<!-- \/ Yoast SEO plugin. -->","yoast_head_json":{"title":"Impressum - Eco-Tech Ceram","robots":{"index":"index","follow":"follow","max-snippet":"max-snippet:-1","max-image-preview":"max-image-preview:large","max-video-preview":"max-video-preview:-1"},"canonical":"https:\/\/ecotechceram.com\/de\/impressum\/","og_locale":"de_DE","og_type":"article","og_title":"Impressum - Eco-Tech Ceram","og_description":"WEBSITE-PR\u00c4SENTATION &nbsp; Eigent\u00fcmer: ECO-TECH CERAM Hauptsitz: Rambla der Thermodynamik &#8211; [&hellip;]","og_url":"https:\/\/ecotechceram.com\/de\/impressum\/","og_site_name":"Eco-Tech Ceram","article_publisher":"https:\/\/m.facebook.com\/ecotechceram\/?locale2=fr_FR","twitter_card":"summary_large_image","twitter_site":"@ecotechceram","twitter_misc":{"Gesch\u00e4tzte Lesezeit":"3\u00a0Minuten"},"schema":{"@context":"https:\/\/schema.org","@graph":[{"@type":"WebPage","@id":"https:\/\/ecotechceram.com\/de\/impressum\/","url":"https:\/\/ecotechceram.com\/de\/impressum\/","name":"Impressum - Eco-Tech Ceram","isPartOf":{"@id":"https:\/\/ecotechceram.com\/en\/#website"},"datePublished":"2021-11-30T13:08:18+00:00","breadcrumb":{"@id":"https:\/\/ecotechceram.com\/de\/impressum\/#breadcrumb"},"inLanguage":"de","potentialAction":[{"@type":"ReadAction","target":["https:\/\/ecotechceram.com\/de\/impressum\/"]}]},{"@type":"BreadcrumbList","@id":"https:\/\/ecotechceram.com\/de\/impressum\/#breadcrumb","itemListElement":[{"@type":"ListItem","position":1,"name":"Accueil","item":"https:\/\/ecotechceram.com\/de\/heim\/"},{"@type":"ListItem","position":2,"name":"Impressum"}]},{"@type":"WebSite","@id":"https:\/\/ecotechceram.com\/en\/#website","url":"https:\/\/ecotechceram.com\/en\/","name":"Eco-Tech Ceram","description":"La d\u00e9carbonation de l&#039;industrie","publisher":{"@id":"https:\/\/ecotechceram.com\/en\/#organization"},"potentialAction":[{"@type":"SearchAction","target":{"@type":"EntryPoint","urlTemplate":"https:\/\/ecotechceram.com\/en\/?s={search_term_string}"},"query-input":{"@type":"PropertyValueSpecification","valueRequired":true,"valueName":"search_term_string"}}],"inLanguage":"de"},{"@type":"Organization","@id":"https:\/\/ecotechceram.com\/en\/#organization","name":"Eco-Tech Ceram","url":"https:\/\/ecotechceram.com\/en\/","logo":{"@type":"ImageObject","inLanguage":"de","@id":"https:\/\/ecotechceram.com\/en\/#\/schema\/logo\/image\/","url":"https:\/\/ecotechceram.com\/wp-content\/uploads\/2021\/07\/ecotechceram-logo-retina.png","contentUrl":"https:\/\/ecotechceram.com\/wp-content\/uploads\/2021\/07\/ecotechceram-logo-retina.png","width":320,"height":160,"caption":"Eco-Tech Ceram"},"image":{"@id":"https:\/\/ecotechceram.com\/en\/#\/schema\/logo\/image\/"},"sameAs":["https:\/\/m.facebook.com\/ecotechceram\/?locale2=fr_FR","https:\/\/x.com\/ecotechceram","https:\/\/www.linkedin.com\/company\/10251563"]}]}},"_links":{"self":[{"href":"https:\/\/ecotechceram.com\/de\/wp-json\/wp\/v2\/pages\/2387","targetHints":{"allow":["GET"]}}],"collection":[{"href":"https:\/\/ecotechceram.com\/de\/wp-json\/wp\/v2\/pages"}],"about":[{"href":"https:\/\/ecotechceram.com\/de\/wp-json\/wp\/v2\/types\/page"}],"author":[{"embeddable":true,"href":"https:\/\/ecotechceram.com\/de\/wp-json\/wp\/v2\/users\/1"}],"replies":[{"embeddable":true,"href":"https:\/\/ecotechceram.com\/de\/wp-json\/wp\/v2\/comments?post=2387"}],"version-history":[{"count":0,"href":"https:\/\/ecotechceram.com\/de\/wp-json\/wp\/v2\/pages\/2387\/revisions"}],"wp:attachment":[{"href":"https:\/\/ecotechceram.com\/de\/wp-json\/wp\/v2\/media?parent=2387"}],"curies":[{"name":"wp","href":"https:\/\/api.w.org\/{rel}","templated":true}]}}