{"id":16217,"date":"2021-11-30T14:08:18","date_gmt":"2021-11-30T13:08:18","guid":{"rendered":"https:\/\/ecotechceram.com\/aviso-legal\/"},"modified":"2025-09-21T12:53:55","modified_gmt":"2025-09-21T10:53:55","slug":"aviso-legal","status":"publish","type":"page","link":"https:\/\/ecotechceram.com\/es\/aviso-legal\/","title":{"rendered":"Aviso Legal"},"content":{"rendered":"<ol>\n<li><u>  PRESENTACI\u00d3N DEL SITIO<\/u><\/li>\n<\/ol>\n<p>&nbsp;<\/p>\n<p><strong>Propietario: ECO-TECH CERAM  <\/strong><\/p>\n<p>Domicilio social: Rambla de la Thermodynamique &#8211; 66100 Perpignan<\/p>\n<p>Eco-Tech Ceram, SAS con capital de 566.548 \u20ac<\/p>\n<p>SIREN: 801 331 000 R.C.S de Perpignan<\/p>\n<p>NAF: 7112B \u00abIngenier\u00eda, estudios t\u00e9cnicos\u00bb<\/p>\n<p><strong>Director de la publicaci\u00f3n:  <\/strong><\/p>\n<ol>\n<li>Antoine MEFFRE &#8211; 5 rue de Vidailhan 31130 BALMA &#8211; contact@ecotechceram.com &#8211; 04 48 07 04 89<\/li>\n<\/ol>\n<p><strong>Proveedor de alojamiento:  <\/strong><\/p>\n<p>OVH &#8211; 2 rue Kellermann &#8211; 59100 Roubaix<\/p>\n<p>&nbsp;<\/p>\n<ol start=\"2\">\n<li><u>  PROPIEDAD INTELECTUAL Y FALSIFICACIONES<\/u><\/li>\n<\/ol>\n<p>&nbsp;<\/p>\n<p>La empresa ECO-TECH CERAM es propietaria de los derechos de propiedad intelectual o posee los derechos de uso sobre todos los elementos accesibles en el sitio, especialmente los textos, im\u00e1genes, gr\u00e1ficos, logotipo, iconos, sonidos, software.<\/p>\n<p>Cualquier reproducci\u00f3n, representaci\u00f3n, modificaci\u00f3n, publicaci\u00f3n, adaptaci\u00f3n de todo o parte de los elementos del sitio, cualquiera que sea el medio o procedimiento utilizado, est\u00e1 prohibida, salvo autorizaci\u00f3n escrita previa de la empresa ECO-TECH CERAM.<\/p>\n<p>Cualquier explotaci\u00f3n no autorizada del sitio o de cualquiera de los elementos que contiene ser\u00e1 considerada constitutiva de falsificaci\u00f3n y perseguida conforme a las disposiciones de los art\u00edculos L.335-2 y siguientes del C\u00f3digo de Propiedad Intelectual.<\/p>\n<p>Cr\u00e9ditos fotogr\u00e1ficos: Adobe Stock &#8211; Unsplash &#8211; Eco-Tech Ceram<\/p>\n<p>&nbsp;<\/p>\n<ol start=\"3\">\n<li><u>  MODIFICACIONES<\/u><\/li>\n<\/ol>\n<p>&nbsp;<\/p>\n<p>ECO-TECH CERAM puede modificar la informaci\u00f3n proporcionada en este sitio web en cualquier momento y sin previo aviso.<\/p>\n<p>&nbsp;<\/p>\n<ol start=\"4\">\n<li><u>  GESTI\u00d3N DE DATOS PERSONALES<\/u><\/li>\n<\/ol>\n<p>&nbsp;<\/p>\n<p>En Francia, los datos personales est\u00e1n protegidos especialmente por la ley n\u00b0 78-87 del 6 de enero de 1978, la ley n\u00b0 2004-801 del 6 de agosto de 2004, el art\u00edculo L. 226-13 del C\u00f3digo Penal y la Directiva Europea del 24 de octubre de 1995.<\/p>\n<p>Con motivo del uso del sitio www.ecotechceram.com, pueden recogerse: la URL de los enlaces a trav\u00e9s de los cuales el usuario ha accedido al sitio www.ecotechceram.com, el proveedor de acceso del usuario, la direcci\u00f3n de protocolo de Internet (IP) del usuario.<\/p>\n<p>En cualquier caso, la empresa ECO-TECH CERAM solo recopila informaci\u00f3n personal relativa al usuario para la necesidad de ciertos servicios ofrecidos por el sitio www.ecotechceram.com. El usuario proporciona esta informaci\u00f3n con pleno conocimiento de causa, especialmente cuando procede por s\u00ed mismo a su introducci\u00f3n. Se precisa entonces al usuario del sitio www.ecotechceram.com la obligaci\u00f3n o no de proporcionar esta informaci\u00f3n.  <\/p>\n<p>Conforme a las disposiciones de los art\u00edculos 38 y siguientes de la ley 78-17 del 6 de enero de 1978 relativa a la inform\u00e1tica, a los archivos y a las libertades, todo usuario dispone de un derecho de acceso, rectificaci\u00f3n y oposici\u00f3n a los datos personales que le conciernen, efectuando su solicitud escrita y firmada, acompa\u00f1ada de una copia del documento de identidad con firma del titular del documento, precisando la direcci\u00f3n a la cual debe enviarse la respuesta.<\/p>\n<p>Ninguna informaci\u00f3n personal del usuario del sitio www.ecotechceram.com se publica sin conocimiento del usuario, se intercambia, transfiere, cede o vende en cualquier soporte a terceros.<\/p>\n<p>&nbsp;<\/p>\n<ol start=\"5\">\n<li><u>  ENLACES DE HIPERTEXTO Y COOKIES<\/u><\/li>\n<\/ol>\n<p>&nbsp;<\/p>\n<p>El sitio www.ecotechceram.com contiene un cierto n\u00famero de enlaces de hipertexto hacia otros sitios, establecidos con la autorizaci\u00f3n de la empresa ECO-TECH CERAM. Sin embargo, la empresa ECO-TECH CERAM no tiene la posibilidad de verificar el contenido de los sitios as\u00ed visitados, y no asumir\u00e1 en consecuencia ninguna responsabilidad por este hecho. <\/p>\n<p>La navegaci\u00f3n por el sitio www.ecotechceram.com es susceptible de provocar la instalaci\u00f3n de cookie(s) en el ordenador del usuario. Una cookie es un archivo de peque\u00f1o tama\u00f1o, que no permite la identificaci\u00f3n del usuario, pero que registra informaci\u00f3n relativa a la navegaci\u00f3n de un ordenador en un sitio. Los datos as\u00ed obtenidos tienen como objetivo facilitar la navegaci\u00f3n posterior en el sitio, y tambi\u00e9n tienen la vocaci\u00f3n de permitir diversas medidas de frecuentaci\u00f3n.  <\/p>\n<p>La negativa a instalar una cookie puede conllevar la imposibilidad de acceder a ciertos servicios.<\/p>\n<p>El usuario podr\u00e1 desactivar esta cookie a trav\u00e9s de los par\u00e1metros que figuran en su software de navegaci\u00f3n.<\/p>\n","protected":false},"excerpt":{"rendered":"<p>PRESENTACI\u00d3N DEL SITIO &nbsp; Propietario: ECO-TECH CERAM Domicilio social: Rambla [&hellip;]<\/p>\n","protected":false},"author":1,"featured_media":0,"parent":0,"menu_order":0,"comment_status":"closed","ping_status":"closed","template":"","meta":{"_monsterinsights_skip_tracking":false,"_monsterinsights_sitenote_active":false,"_monsterinsights_sitenote_note":"","_monsterinsights_sitenote_category":0,"footnotes":""},"class_list":["post-16217","page","type-page","status-publish","hentry"],"yoast_head":"<!-- This site is optimized with the Yoast SEO plugin v25.9 - https:\/\/yoast.com\/wordpress\/plugins\/seo\/ -->\n<title>Aviso Legal - Eco-Tech Ceram<\/title>\n<meta name=\"robots\" content=\"index, follow, max-snippet:-1, max-image-preview:large, max-video-preview:-1\" \/>\n<link rel=\"canonical\" href=\"https:\/\/ecotechceram.com\/es\/aviso-legal\/\" \/>\n<meta property=\"og:locale\" content=\"es_ES\" \/>\n<meta property=\"og:type\" content=\"article\" \/>\n<meta property=\"og:title\" content=\"Aviso Legal - Eco-Tech Ceram\" \/>\n<meta property=\"og:description\" content=\"PRESENTACI\u00d3N DEL SITIO &nbsp; Propietario: ECO-TECH CERAM Domicilio social: Rambla [&hellip;]\" \/>\n<meta property=\"og:url\" content=\"https:\/\/ecotechceram.com\/es\/aviso-legal\/\" \/>\n<meta property=\"og:site_name\" content=\"Eco-Tech Ceram\" \/>\n<meta property=\"article:publisher\" content=\"https:\/\/m.facebook.com\/ecotechceram\/?locale2=fr_FR\" \/>\n<meta property=\"article:modified_time\" content=\"2025-09-21T10:53:55+00:00\" \/>\n<meta name=\"twitter:card\" content=\"summary_large_image\" \/>\n<meta name=\"twitter:site\" content=\"@ecotechceram\" \/>\n<meta name=\"twitter:label1\" content=\"Tiempo de lectura\" \/>\n\t<meta name=\"twitter:data1\" content=\"3 minutos\" \/>\n<script type=\"application\/ld+json\" class=\"yoast-schema-graph\">{\"@context\":\"https:\/\/schema.org\",\"@graph\":[{\"@type\":\"WebPage\",\"@id\":\"https:\/\/ecotechceram.com\/es\/aviso-legal\/\",\"url\":\"https:\/\/ecotechceram.com\/es\/aviso-legal\/\",\"name\":\"Aviso Legal - Eco-Tech Ceram\",\"isPartOf\":{\"@id\":\"https:\/\/ecotechceram.com\/en\/#website\"},\"datePublished\":\"2021-11-30T13:08:18+00:00\",\"dateModified\":\"2025-09-21T10:53:55+00:00\",\"breadcrumb\":{\"@id\":\"https:\/\/ecotechceram.com\/es\/aviso-legal\/#breadcrumb\"},\"inLanguage\":\"es\",\"potentialAction\":[{\"@type\":\"ReadAction\",\"target\":[\"https:\/\/ecotechceram.com\/es\/aviso-legal\/\"]}]},{\"@type\":\"BreadcrumbList\",\"@id\":\"https:\/\/ecotechceram.com\/es\/aviso-legal\/#breadcrumb\",\"itemListElement\":[{\"@type\":\"ListItem\",\"position\":1,\"name\":\"Accueil\",\"item\":\"https:\/\/ecotechceram.com\/es\/inicio\/\"},{\"@type\":\"ListItem\",\"position\":2,\"name\":\"Aviso Legal\"}]},{\"@type\":\"WebSite\",\"@id\":\"https:\/\/ecotechceram.com\/en\/#website\",\"url\":\"https:\/\/ecotechceram.com\/en\/\",\"name\":\"Eco-Tech Ceram\",\"description\":\"La d\u00e9carbonation de l&#039;industrie\",\"publisher\":{\"@id\":\"https:\/\/ecotechceram.com\/en\/#organization\"},\"potentialAction\":[{\"@type\":\"SearchAction\",\"target\":{\"@type\":\"EntryPoint\",\"urlTemplate\":\"https:\/\/ecotechceram.com\/en\/?s={search_term_string}\"},\"query-input\":{\"@type\":\"PropertyValueSpecification\",\"valueRequired\":true,\"valueName\":\"search_term_string\"}}],\"inLanguage\":\"es\"},{\"@type\":\"Organization\",\"@id\":\"https:\/\/ecotechceram.com\/en\/#organization\",\"name\":\"Eco-Tech Ceram\",\"url\":\"https:\/\/ecotechceram.com\/en\/\",\"logo\":{\"@type\":\"ImageObject\",\"inLanguage\":\"es\",\"@id\":\"https:\/\/ecotechceram.com\/en\/#\/schema\/logo\/image\/\",\"url\":\"https:\/\/ecotechceram.com\/wp-content\/uploads\/2021\/07\/ecotechceram-logo-retina.png\",\"contentUrl\":\"https:\/\/ecotechceram.com\/wp-content\/uploads\/2021\/07\/ecotechceram-logo-retina.png\",\"width\":320,\"height\":160,\"caption\":\"Eco-Tech Ceram\"},\"image\":{\"@id\":\"https:\/\/ecotechceram.com\/en\/#\/schema\/logo\/image\/\"},\"sameAs\":[\"https:\/\/m.facebook.com\/ecotechceram\/?locale2=fr_FR\",\"https:\/\/x.com\/ecotechceram\",\"https:\/\/www.linkedin.com\/company\/10251563\"]}]}<\/script>\n<!-- \/ Yoast SEO plugin. -->","yoast_head_json":{"title":"Aviso Legal - Eco-Tech Ceram","robots":{"index":"index","follow":"follow","max-snippet":"max-snippet:-1","max-image-preview":"max-image-preview:large","max-video-preview":"max-video-preview:-1"},"canonical":"https:\/\/ecotechceram.com\/es\/aviso-legal\/","og_locale":"es_ES","og_type":"article","og_title":"Aviso Legal - Eco-Tech Ceram","og_description":"PRESENTACI\u00d3N DEL SITIO &nbsp; Propietario: ECO-TECH CERAM Domicilio social: Rambla [&hellip;]","og_url":"https:\/\/ecotechceram.com\/es\/aviso-legal\/","og_site_name":"Eco-Tech Ceram","article_publisher":"https:\/\/m.facebook.com\/ecotechceram\/?locale2=fr_FR","article_modified_time":"2025-09-21T10:53:55+00:00","twitter_card":"summary_large_image","twitter_site":"@ecotechceram","twitter_misc":{"Tiempo de lectura":"3 minutos"},"schema":{"@context":"https:\/\/schema.org","@graph":[{"@type":"WebPage","@id":"https:\/\/ecotechceram.com\/es\/aviso-legal\/","url":"https:\/\/ecotechceram.com\/es\/aviso-legal\/","name":"Aviso Legal - Eco-Tech Ceram","isPartOf":{"@id":"https:\/\/ecotechceram.com\/en\/#website"},"datePublished":"2021-11-30T13:08:18+00:00","dateModified":"2025-09-21T10:53:55+00:00","breadcrumb":{"@id":"https:\/\/ecotechceram.com\/es\/aviso-legal\/#breadcrumb"},"inLanguage":"es","potentialAction":[{"@type":"ReadAction","target":["https:\/\/ecotechceram.com\/es\/aviso-legal\/"]}]},{"@type":"BreadcrumbList","@id":"https:\/\/ecotechceram.com\/es\/aviso-legal\/#breadcrumb","itemListElement":[{"@type":"ListItem","position":1,"name":"Accueil","item":"https:\/\/ecotechceram.com\/es\/inicio\/"},{"@type":"ListItem","position":2,"name":"Aviso Legal"}]},{"@type":"WebSite","@id":"https:\/\/ecotechceram.com\/en\/#website","url":"https:\/\/ecotechceram.com\/en\/","name":"Eco-Tech Ceram","description":"La d\u00e9carbonation de l&#039;industrie","publisher":{"@id":"https:\/\/ecotechceram.com\/en\/#organization"},"potentialAction":[{"@type":"SearchAction","target":{"@type":"EntryPoint","urlTemplate":"https:\/\/ecotechceram.com\/en\/?s={search_term_string}"},"query-input":{"@type":"PropertyValueSpecification","valueRequired":true,"valueName":"search_term_string"}}],"inLanguage":"es"},{"@type":"Organization","@id":"https:\/\/ecotechceram.com\/en\/#organization","name":"Eco-Tech Ceram","url":"https:\/\/ecotechceram.com\/en\/","logo":{"@type":"ImageObject","inLanguage":"es","@id":"https:\/\/ecotechceram.com\/en\/#\/schema\/logo\/image\/","url":"https:\/\/ecotechceram.com\/wp-content\/uploads\/2021\/07\/ecotechceram-logo-retina.png","contentUrl":"https:\/\/ecotechceram.com\/wp-content\/uploads\/2021\/07\/ecotechceram-logo-retina.png","width":320,"height":160,"caption":"Eco-Tech Ceram"},"image":{"@id":"https:\/\/ecotechceram.com\/en\/#\/schema\/logo\/image\/"},"sameAs":["https:\/\/m.facebook.com\/ecotechceram\/?locale2=fr_FR","https:\/\/x.com\/ecotechceram","https:\/\/www.linkedin.com\/company\/10251563"]}]}},"_links":{"self":[{"href":"https:\/\/ecotechceram.com\/es\/wp-json\/wp\/v2\/pages\/16217","targetHints":{"allow":["GET"]}}],"collection":[{"href":"https:\/\/ecotechceram.com\/es\/wp-json\/wp\/v2\/pages"}],"about":[{"href":"https:\/\/ecotechceram.com\/es\/wp-json\/wp\/v2\/types\/page"}],"author":[{"embeddable":true,"href":"https:\/\/ecotechceram.com\/es\/wp-json\/wp\/v2\/users\/1"}],"replies":[{"embeddable":true,"href":"https:\/\/ecotechceram.com\/es\/wp-json\/wp\/v2\/comments?post=16217"}],"version-history":[{"count":1,"href":"https:\/\/ecotechceram.com\/es\/wp-json\/wp\/v2\/pages\/16217\/revisions"}],"predecessor-version":[{"id":16221,"href":"https:\/\/ecotechceram.com\/es\/wp-json\/wp\/v2\/pages\/16217\/revisions\/16221"}],"wp:attachment":[{"href":"https:\/\/ecotechceram.com\/es\/wp-json\/wp\/v2\/media?parent=16217"}],"curies":[{"name":"wp","href":"https:\/\/api.w.org\/{rel}","templated":true}]}}