{"id":13682,"date":"2024-05-22T17:04:36","date_gmt":"2024-05-22T15:04:36","guid":{"rendered":"https:\/\/ecotechceram.com\/richiesta-di-una-diagnosi-energetica\/"},"modified":"2024-10-07T11:15:26","modified_gmt":"2024-10-07T09:15:26","slug":"richiesta-di-una-diagnosi-energetica","status":"publish","type":"page","link":"https:\/\/ecotechceram.com\/it\/richiesta-di-una-diagnosi-energetica\/","title":{"rendered":"Richiesta di una diagnosi energetica"},"content":{"rendered":"<div class=\"fusion-fullwidth fullwidth-box fusion-builder-row-1 fusion-flex-container nonhundred-percent-fullwidth non-hundred-percent-height-scrolling\" style=\"background-color: rgba(255,255,255,0);background-position: center center;background-repeat: no-repeat;border-width: 0px 0px 0px 0px;border-color:#e2e2e2;border-style:solid;\" ><div class=\"fusion-builder-row fusion-row fusion-flex-align-items-flex-start\" style=\"max-width:1497.6px;margin-left: calc(-4% \/ 2 );margin-right: calc(-4% \/ 2 );\"><div class=\"fusion-layout-column fusion_builder_column fusion-builder-column-0 fusion_builder_column_1_1 1_1 fusion-flex-column\"><div class=\"fusion-column-wrapper fusion-flex-justify-content-flex-start fusion-content-layout-column\" style=\"background-position:left top;background-repeat:no-repeat;-webkit-background-size:cover;-moz-background-size:cover;-o-background-size:cover;background-size:cover;padding: 0px 0px 0px 0px;\"><div class=\"fusion-text fusion-text-1\"><style id=\"wpforms-css-vars-13634\">\n\t\t\t\t#wpforms-13634 {\n\t\t\t\t\n\t\t\t}\n\t\t\t<\/style><div class=\"wpforms-container wpforms-container-full wpforms-render-modern\" id=\"wpforms-13634\"><form id=\"wpforms-form-13634\" class=\"wpforms-validate wpforms-form wpforms-ajax-form\" data-formid=\"13634\" method=\"post\" enctype=\"multipart\/form-data\" action=\"\/it\/wp-json\/wp\/v2\/pages\/13682\" data-token=\"d7a86cffd7c74e8da502e44332c5bf22\" data-token-time=\"1775736591\"><noscript class=\"wpforms-error-noscript\">Abilita JavaScript nel browser per completare questo modulo.<\/noscript><div id=\"wpforms-error-noscript\" style=\"display: none;\">Abilita JavaScript nel browser per completare questo modulo.<\/div><div class=\"wpforms-field-container\"><div id=\"wpforms-13634-field_1-container\" class=\"wpforms-field wpforms-field-name\" data-field-id=\"1\"><fieldset><legend class=\"wpforms-field-label\">Nom \/ Name <span class=\"wpforms-required-label\" aria-hidden=\"true\">*<\/span><\/legend><div class=\"wpforms-field-row wpforms-field-medium\"><div class=\"wpforms-field-row-block wpforms-first wpforms-one-half\"><input type=\"text\" id=\"wpforms-13634-field_1\" class=\"wpforms-field-name-first wpforms-field-required\" name=\"wpforms[fields][1][first]\" aria-errormessage=\"wpforms-13634-field_1-error\" required><label for=\"wpforms-13634-field_1\" class=\"wpforms-field-sublabel after\">Pr\u00e9nom<\/label><\/div><div class=\"wpforms-field-row-block wpforms-one-half\"><input type=\"text\" id=\"wpforms-13634-field_1-last\" class=\"wpforms-field-name-last wpforms-field-required\" name=\"wpforms[fields][1][last]\" aria-errormessage=\"wpforms-13634-field_1-last-error\" required><label for=\"wpforms-13634-field_1-last\" class=\"wpforms-field-sublabel after\">Nom<\/label><\/div><\/div><\/fieldset><\/div><div id=\"wpforms-13634-field_2-container\" class=\"wpforms-field wpforms-field-email\" data-field-id=\"2\"><fieldset><legend class=\"wpforms-field-label\">E-mail <span class=\"wpforms-required-label\" aria-hidden=\"true\">*<\/span><\/legend><div class=\"wpforms-field-row wpforms-field-medium\"><div class=\"wpforms-field-row-block wpforms-one-half wpforms-first\"><input type=\"email\" id=\"wpforms-13634-field_2\" class=\"wpforms-field-required wpforms-field-email-primary\" name=\"wpforms[fields][2][primary]\" spellcheck=\"false\" aria-errormessage=\"wpforms-13634-field_2-error\" required><label for=\"wpforms-13634-field_2\" class=\"wpforms-field-sublabel after\">Email<\/label><\/div><div class=\"wpforms-field-row-block wpforms-one-half\"><input type=\"email\" id=\"wpforms-13634-field_2-secondary\" class=\"wpforms-field-email-secondary wpforms-field-required\" data-rule-confirm=\"#wpforms-13634-field_2\" name=\"wpforms[fields][2][secondary]\" spellcheck=\"false\" aria-errormessage=\"wpforms-13634-field_2-secondary-error\" required><label for=\"wpforms-13634-field_2-secondary\" class=\"wpforms-field-sublabel after\">Conferma email<\/label><\/div><\/div><\/fieldset><\/div><div id=\"wpforms-13634-field_3-container\" class=\"wpforms-field wpforms-field-text\" data-field-id=\"3\"><label class=\"wpforms-field-label\" for=\"wpforms-13634-field_3\">T\u00e9l\u00e9phone<\/label><input type=\"text\" id=\"wpforms-13634-field_3\" class=\"wpforms-field-medium\" name=\"wpforms[fields][3]\" aria-errormessage=\"wpforms-13634-field_3-error\" ><\/div><div id=\"wpforms-13634-field_4-container\" class=\"wpforms-field wpforms-field-text\" data-field-id=\"4\"><label class=\"wpforms-field-label\" for=\"wpforms-13634-field_4\">Votre soci\u00e9t\u00e9 \/ Company <span class=\"wpforms-required-label\" aria-hidden=\"true\">*<\/span><\/label><input type=\"text\" id=\"wpforms-13634-field_4\" class=\"wpforms-field-medium wpforms-field-required\" name=\"wpforms[fields][4]\" aria-errormessage=\"wpforms-13634-field_4-error\" required><\/div><div id=\"wpforms-13634-field_20-container\" class=\"wpforms-field wpforms-field-select wpforms-field-select-style-classic\" data-field-id=\"20\"><label class=\"wpforms-field-label\" for=\"wpforms-13634-field_20\">Secteur \/ Industrial sector <span class=\"wpforms-required-label\" aria-hidden=\"true\">*<\/span><\/label><select id=\"wpforms-13634-field_20\" class=\"wpforms-field-medium wpforms-field-required\" name=\"wpforms[fields][20]\" required=\"required\"><option value=\"C\u00e9ramique \/ Ceramic\" >C\u00e9ramique \/ Ceramic<\/option><option value=\"M\u00e9tallurgie \/ Metallurgy\" >M\u00e9tallurgie \/ Metallurgy<\/option><option value=\"Verre \/ Glass\" >Verre \/ Glass<\/option><option value=\"Exploitant de carri\u00e8re \/ Mining\" >Exploitant de carri\u00e8re \/ Mining<\/option><option value=\"Autre \/ Others\" >Autre \/ Others<\/option><\/select><\/div><div id=\"wpforms-13634-field_13-container\" class=\"wpforms-field wpforms-field-select wpforms-field-select-style-classic\" data-field-id=\"13\"><label class=\"wpforms-field-label\" for=\"wpforms-13634-field_13\">EU ETS (European Union Emissions Trading System)<\/label><select id=\"wpforms-13634-field_13\" class=\"wpforms-field-medium\" name=\"wpforms[fields][13]\"><option value=\"Oui \/ Yes\" >Oui \/ Yes<\/option><option value=\"Non \/ Not\" >Non \/ Not<\/option><option value=\"Je ne sais \/ I don&#039;t know\" >Je ne sais \/ I don&#039;t know<\/option><\/select><\/div><div id=\"wpforms-13634-field_8-container\" class=\"wpforms-field wpforms-field-select wpforms-field-select-style-classic\" data-field-id=\"8\"><label class=\"wpforms-field-label\" for=\"wpforms-13634-field_8\">Type d&#039;\u00e9nergie \/ Heat energy source <span class=\"wpforms-required-label\" aria-hidden=\"true\">*<\/span><\/label><select id=\"wpforms-13634-field_8\" class=\"wpforms-field-medium wpforms-field-required\" name=\"wpforms[fields][8]\" required=\"required\"><option value=\"M\u00e9thane\" >M\u00e9thane<\/option><option value=\"Propane\" >Propane<\/option><option value=\"Electricit\u00e9 \/ Electricity\" >Electricit\u00e9 \/ Electricity<\/option><option value=\"Bois \/ Wood\" >Bois \/ Wood<\/option><option value=\"Charbon \/ Coal\" >Charbon \/ Coal<\/option><option value=\"Autre \/ Other\" >Autre \/ Other<\/option><\/select><\/div><div id=\"wpforms-13634-field_35-container\" class=\"wpforms-field wpforms-field-select wpforms-field-select-style-classic\" data-field-id=\"35\"><label class=\"wpforms-field-label\" for=\"wpforms-13634-field_35\">Si vous utilisez du gaz, quelle est votre consommation ? \/ If you use gas, what is your consumption? <span class=\"wpforms-required-label\" aria-hidden=\"true\">*<\/span><\/label><select id=\"wpforms-13634-field_35\" class=\"wpforms-field-medium wpforms-field-required\" name=\"wpforms[fields][35]\" required=\"required\"><option value=\"0 to 1 GWh\" >0 to 1 GWh<\/option><option value=\"1 to 2 GWh\" >1 to 2 GWh<\/option><option value=\"2 to 5 GWh\" >2 to 5 GWh<\/option><option value=\"&gt; 5GWh\" >&gt; 5GWh<\/option><\/select><\/div><div id=\"wpforms-13634-field_37-container\" class=\"wpforms-field wpforms-field-select wpforms-field-select-style-classic\" data-field-id=\"37\"><label class=\"wpforms-field-label\" for=\"wpforms-13634-field_37\">Prix du gaz \/ Gas prices <span class=\"wpforms-required-label\" aria-hidden=\"true\">*<\/span><\/label><select id=\"wpforms-13634-field_37\" class=\"wpforms-field-medium wpforms-field-required\" name=\"wpforms[fields][37]\" required=\"required\"><option value=\"&lt; 30\u20ac\/MWh\" >&lt; 30\u20ac\/MWh<\/option><option value=\"from 30 to 50\u20ac\/MWh\" >from 30 to 50\u20ac\/MWh<\/option><option value=\"&gt; 50\u20ac\/MWh\" >&gt; 50\u20ac\/MWh<\/option><\/select><\/div><div id=\"wpforms-13634-field_38-container\" class=\"wpforms-field wpforms-field-select wpforms-field-select-style-classic\" data-field-id=\"38\"><label class=\"wpforms-field-label\" for=\"wpforms-13634-field_38\">Prix de l&#039;\u00e9lectricit\u00e9 \/ Electricity prices <span class=\"wpforms-required-label\" aria-hidden=\"true\">*<\/span><\/label><select id=\"wpforms-13634-field_38\" class=\"wpforms-field-medium wpforms-field-required\" name=\"wpforms[fields][38]\" required=\"required\"><option value=\"&lt; 79\u20ac\/MWh\" >&lt; 79\u20ac\/MWh<\/option><option value=\"from 80 to 149\u20ac\/MWh\" >from 80 to 149\u20ac\/MWh<\/option><option value=\"&gt; 150\u20ac\/MWh\" >&gt; 150\u20ac\/MWh<\/option><\/select><\/div><div id=\"wpforms-13634-field_42-container\" class=\"wpforms-field wpforms-field-radio\" data-field-id=\"42\"><fieldset><legend class=\"wpforms-field-label\">Type de prestation souhait\u00e9e \/ Type of service required<\/legend><ul id=\"wpforms-13634-field_42\"><li class=\"choice-1 depth-1\"><input type=\"radio\" id=\"wpforms-13634-field_42_1\" name=\"wpforms[fields][42]\" value=\"Etude \/ Study\" aria-errormessage=\"wpforms-13634-field_42_1-error\"  ><label class=\"wpforms-field-label-inline\" for=\"wpforms-13634-field_42_1\">Etude \/ Study<\/label><\/li><li class=\"choice-2 depth-1\"><input type=\"radio\" id=\"wpforms-13634-field_42_2\" name=\"wpforms[fields][42]\" value=\"Optimisation Thermique \/ Thermal optimisation\" aria-errormessage=\"wpforms-13634-field_42_2-error\"  ><label class=\"wpforms-field-label-inline\" for=\"wpforms-13634-field_42_2\">Optimisation Thermique \/ Thermal optimisation<\/label><\/li><li class=\"choice-3 depth-1\"><input type=\"radio\" id=\"wpforms-13634-field_42_3\" name=\"wpforms[fields][42]\" value=\"Mesures Thermiques \/ Thermal measurements\" aria-errormessage=\"wpforms-13634-field_42_3-error\"  ><label class=\"wpforms-field-label-inline\" for=\"wpforms-13634-field_42_3\">Mesures Thermiques \/ Thermal measurements<\/label><\/li><\/ul><\/fieldset><\/div><div id=\"wpforms-13634-field_40-container\" class=\"wpforms-field wpforms-field-select wpforms-field-select-style-classic\" data-field-id=\"40\"><label class=\"wpforms-field-label\" for=\"wpforms-13634-field_40\">Nombre d&#039;\u00e9quipement process au total sur le site (fours, s\u00e9choirs, \u00e9tuves, atomiseur, broyeur, chaudi\u00e8res, ...) \/  Total number of process equipment on site (kilns, dryers, ovens, spray-dryers, grinders, boilers, etc.) <span class=\"wpforms-required-label\" aria-hidden=\"true\">*<\/span><\/label><select id=\"wpforms-13634-field_40\" class=\"wpforms-field-medium wpforms-field-required\" name=\"wpforms[fields][40]\" required=\"required\"><option value=\"&lt; 3\" >&lt; 3<\/option><option value=\"from 3 - 5\" >from 3 - 5<\/option><option value=\"&gt; 6\" >&gt; 6<\/option><\/select><\/div><div id=\"wpforms-13634-field_33-container\" class=\"wpforms-field wpforms-field-textarea\" data-field-id=\"33\"><label class=\"wpforms-field-label\" for=\"wpforms-13634-field_33\">Avez-vous d\u00e9j\u00e0 mis en place des actions ou solutions pour am\u00e9liorer l&#039;efficacit\u00e9 \u00e9nerg\u00e9tique de votre site ? Si oui, lesquelles ? \/ Have you already implemented actions or solutions to improve the energy efficiency of your site? If so, which ones?<\/label><textarea id=\"wpforms-13634-field_33\" class=\"wpforms-field-medium\" name=\"wpforms[fields][33]\" aria-errormessage=\"wpforms-13634-field_33-error\" ><\/textarea><\/div><div id=\"wpforms-13634-field_34-container\" class=\"wpforms-field wpforms-field-textarea\" data-field-id=\"34\"><label class=\"wpforms-field-label\" for=\"wpforms-13634-field_34\">Quel est le contexte de votre entreprise actuellement\u00a0? \/ What is your company&#039;s current situation?<\/label><textarea id=\"wpforms-13634-field_34\" class=\"wpforms-field-medium\" name=\"wpforms[fields][34]\" aria-errormessage=\"wpforms-13634-field_34-error\" ><\/textarea><\/div><\/div><!-- .wpforms-field-container --><div class=\"wpforms-submit-container\" ><input type=\"hidden\" name=\"wpforms[id]\" value=\"13634\"><input type=\"hidden\" name=\"page_title\" value=\"\"><input type=\"hidden\" name=\"page_url\" value=\"https:\/\/ecotechceram.com\/it\/wp-json\/wp\/v2\/pages\/13682\"><input type=\"hidden\" name=\"url_referer\" value=\"\"><button type=\"submit\" name=\"wpforms[submit]\" id=\"wpforms-submit-13634\" class=\"wpforms-submit\" data-alt-text=\"Envoi...\" data-submit-text=\"Envoyer\" aria-live=\"assertive\" value=\"wpforms-submit\">Envoyer<\/button><img decoding=\"async\" src=\"https:\/\/ecotechceram.com\/wp-content\/plugins\/wpforms-lite\/assets\/images\/submit-spin.svg\" class=\"wpforms-submit-spinner\" style=\"display: none;\" width=\"26\" height=\"26\" alt=\"Caricamento\"><\/div><\/form><\/div>  <!-- .wpforms-container -->\n<\/div><\/div><style type=\"text\/css\">.fusion-body .fusion-builder-column-0{width:100% !important;margin-top : 0px;margin-bottom : 0px;}.fusion-builder-column-0 > .fusion-column-wrapper {padding-top : 0px !important;padding-right : 0px !important;margin-right : 1.92%;padding-bottom : 0px !important;padding-left : 0px !important;margin-left : 1.92%;}@media only screen and (max-width:1024px) {.fusion-body .fusion-builder-column-0{width:100% !important;}.fusion-builder-column-0 > .fusion-column-wrapper {margin-right : 1.92%;margin-left : 1.92%;}}@media only screen and (max-width:640px) {.fusion-body .fusion-builder-column-0{width:100% !important;}.fusion-builder-column-0 > .fusion-column-wrapper {margin-right : 1.92%;margin-left : 1.92%;}}<\/style><\/div><\/div><style type=\"text\/css\">.fusion-body .fusion-flex-container.fusion-builder-row-1{ padding-top : 0px;margin-top : 0px;padding-right : 0px;padding-bottom : 0px;margin-bottom : 0px;padding-left : 0px;}<\/style><\/div>\n","protected":false},"excerpt":{"rendered":"","protected":false},"author":3,"featured_media":0,"parent":0,"menu_order":0,"comment_status":"closed","ping_status":"closed","template":"","meta":{"_monsterinsights_skip_tracking":false,"_monsterinsights_sitenote_active":false,"_monsterinsights_sitenote_note":"","_monsterinsights_sitenote_category":0,"footnotes":""},"class_list":["post-13682","page","type-page","status-publish","hentry"],"yoast_head":"<!-- This site is optimized with the Yoast SEO plugin v25.9 - https:\/\/yoast.com\/wordpress\/plugins\/seo\/ -->\n<title>Richiesta di una diagnosi energetica - Eco-Tech Ceram<\/title>\n<meta name=\"robots\" content=\"index, follow, max-snippet:-1, max-image-preview:large, max-video-preview:-1\" \/>\n<link rel=\"canonical\" href=\"https:\/\/ecotechceram.com\/it\/richiesta-di-una-diagnosi-energetica\/\" \/>\n<meta property=\"og:locale\" content=\"it_IT\" \/>\n<meta property=\"og:type\" content=\"article\" \/>\n<meta property=\"og:title\" content=\"Richiesta di una diagnosi energetica - Eco-Tech Ceram\" \/>\n<meta property=\"og:url\" content=\"https:\/\/ecotechceram.com\/it\/richiesta-di-una-diagnosi-energetica\/\" \/>\n<meta property=\"og:site_name\" content=\"Eco-Tech Ceram\" \/>\n<meta property=\"article:publisher\" content=\"https:\/\/m.facebook.com\/ecotechceram\/?locale2=fr_FR\" \/>\n<meta property=\"article:modified_time\" content=\"2024-10-07T09:15:26+00:00\" \/>\n<meta name=\"twitter:card\" content=\"summary_large_image\" \/>\n<meta name=\"twitter:site\" content=\"@ecotechceram\" \/>\n<meta name=\"twitter:label1\" content=\"Tempo di lettura stimato\" \/>\n\t<meta name=\"twitter:data1\" content=\"1 minuto\" \/>\n<script type=\"application\/ld+json\" class=\"yoast-schema-graph\">{\"@context\":\"https:\/\/schema.org\",\"@graph\":[{\"@type\":\"WebPage\",\"@id\":\"https:\/\/ecotechceram.com\/it\/richiesta-di-una-diagnosi-energetica\/\",\"url\":\"https:\/\/ecotechceram.com\/it\/richiesta-di-una-diagnosi-energetica\/\",\"name\":\"Richiesta di una diagnosi energetica - Eco-Tech Ceram\",\"isPartOf\":{\"@id\":\"https:\/\/ecotechceram.com\/en\/#website\"},\"datePublished\":\"2024-05-22T15:04:36+00:00\",\"dateModified\":\"2024-10-07T09:15:26+00:00\",\"breadcrumb\":{\"@id\":\"https:\/\/ecotechceram.com\/it\/richiesta-di-una-diagnosi-energetica\/#breadcrumb\"},\"inLanguage\":\"it-IT\",\"potentialAction\":[{\"@type\":\"ReadAction\",\"target\":[\"https:\/\/ecotechceram.com\/it\/richiesta-di-una-diagnosi-energetica\/\"]}]},{\"@type\":\"BreadcrumbList\",\"@id\":\"https:\/\/ecotechceram.com\/it\/richiesta-di-una-diagnosi-energetica\/#breadcrumb\",\"itemListElement\":[{\"@type\":\"ListItem\",\"position\":1,\"name\":\"Accueil\",\"item\":\"https:\/\/ecotechceram.com\/it\/casa\/\"},{\"@type\":\"ListItem\",\"position\":2,\"name\":\"Richiesta di una diagnosi energetica\"}]},{\"@type\":\"WebSite\",\"@id\":\"https:\/\/ecotechceram.com\/en\/#website\",\"url\":\"https:\/\/ecotechceram.com\/en\/\",\"name\":\"Eco-Tech Ceram\",\"description\":\"La d\u00e9carbonation de l&#039;industrie\",\"publisher\":{\"@id\":\"https:\/\/ecotechceram.com\/en\/#organization\"},\"potentialAction\":[{\"@type\":\"SearchAction\",\"target\":{\"@type\":\"EntryPoint\",\"urlTemplate\":\"https:\/\/ecotechceram.com\/en\/?s={search_term_string}\"},\"query-input\":{\"@type\":\"PropertyValueSpecification\",\"valueRequired\":true,\"valueName\":\"search_term_string\"}}],\"inLanguage\":\"it-IT\"},{\"@type\":\"Organization\",\"@id\":\"https:\/\/ecotechceram.com\/en\/#organization\",\"name\":\"Eco-Tech Ceram\",\"url\":\"https:\/\/ecotechceram.com\/en\/\",\"logo\":{\"@type\":\"ImageObject\",\"inLanguage\":\"it-IT\",\"@id\":\"https:\/\/ecotechceram.com\/en\/#\/schema\/logo\/image\/\",\"url\":\"https:\/\/ecotechceram.com\/wp-content\/uploads\/2021\/07\/ecotechceram-logo-retina.png\",\"contentUrl\":\"https:\/\/ecotechceram.com\/wp-content\/uploads\/2021\/07\/ecotechceram-logo-retina.png\",\"width\":320,\"height\":160,\"caption\":\"Eco-Tech Ceram\"},\"image\":{\"@id\":\"https:\/\/ecotechceram.com\/en\/#\/schema\/logo\/image\/\"},\"sameAs\":[\"https:\/\/m.facebook.com\/ecotechceram\/?locale2=fr_FR\",\"https:\/\/x.com\/ecotechceram\",\"https:\/\/www.linkedin.com\/company\/10251563\"]}]}<\/script>\n<!-- \/ Yoast SEO plugin. -->","yoast_head_json":{"title":"Richiesta di una diagnosi energetica - Eco-Tech Ceram","robots":{"index":"index","follow":"follow","max-snippet":"max-snippet:-1","max-image-preview":"max-image-preview:large","max-video-preview":"max-video-preview:-1"},"canonical":"https:\/\/ecotechceram.com\/it\/richiesta-di-una-diagnosi-energetica\/","og_locale":"it_IT","og_type":"article","og_title":"Richiesta di una diagnosi energetica - Eco-Tech Ceram","og_url":"https:\/\/ecotechceram.com\/it\/richiesta-di-una-diagnosi-energetica\/","og_site_name":"Eco-Tech Ceram","article_publisher":"https:\/\/m.facebook.com\/ecotechceram\/?locale2=fr_FR","article_modified_time":"2024-10-07T09:15:26+00:00","twitter_card":"summary_large_image","twitter_site":"@ecotechceram","twitter_misc":{"Tempo di lettura stimato":"1 minuto"},"schema":{"@context":"https:\/\/schema.org","@graph":[{"@type":"WebPage","@id":"https:\/\/ecotechceram.com\/it\/richiesta-di-una-diagnosi-energetica\/","url":"https:\/\/ecotechceram.com\/it\/richiesta-di-una-diagnosi-energetica\/","name":"Richiesta di una diagnosi energetica - Eco-Tech Ceram","isPartOf":{"@id":"https:\/\/ecotechceram.com\/en\/#website"},"datePublished":"2024-05-22T15:04:36+00:00","dateModified":"2024-10-07T09:15:26+00:00","breadcrumb":{"@id":"https:\/\/ecotechceram.com\/it\/richiesta-di-una-diagnosi-energetica\/#breadcrumb"},"inLanguage":"it-IT","potentialAction":[{"@type":"ReadAction","target":["https:\/\/ecotechceram.com\/it\/richiesta-di-una-diagnosi-energetica\/"]}]},{"@type":"BreadcrumbList","@id":"https:\/\/ecotechceram.com\/it\/richiesta-di-una-diagnosi-energetica\/#breadcrumb","itemListElement":[{"@type":"ListItem","position":1,"name":"Accueil","item":"https:\/\/ecotechceram.com\/it\/casa\/"},{"@type":"ListItem","position":2,"name":"Richiesta di una diagnosi energetica"}]},{"@type":"WebSite","@id":"https:\/\/ecotechceram.com\/en\/#website","url":"https:\/\/ecotechceram.com\/en\/","name":"Eco-Tech Ceram","description":"La d\u00e9carbonation de l&#039;industrie","publisher":{"@id":"https:\/\/ecotechceram.com\/en\/#organization"},"potentialAction":[{"@type":"SearchAction","target":{"@type":"EntryPoint","urlTemplate":"https:\/\/ecotechceram.com\/en\/?s={search_term_string}"},"query-input":{"@type":"PropertyValueSpecification","valueRequired":true,"valueName":"search_term_string"}}],"inLanguage":"it-IT"},{"@type":"Organization","@id":"https:\/\/ecotechceram.com\/en\/#organization","name":"Eco-Tech Ceram","url":"https:\/\/ecotechceram.com\/en\/","logo":{"@type":"ImageObject","inLanguage":"it-IT","@id":"https:\/\/ecotechceram.com\/en\/#\/schema\/logo\/image\/","url":"https:\/\/ecotechceram.com\/wp-content\/uploads\/2021\/07\/ecotechceram-logo-retina.png","contentUrl":"https:\/\/ecotechceram.com\/wp-content\/uploads\/2021\/07\/ecotechceram-logo-retina.png","width":320,"height":160,"caption":"Eco-Tech Ceram"},"image":{"@id":"https:\/\/ecotechceram.com\/en\/#\/schema\/logo\/image\/"},"sameAs":["https:\/\/m.facebook.com\/ecotechceram\/?locale2=fr_FR","https:\/\/x.com\/ecotechceram","https:\/\/www.linkedin.com\/company\/10251563"]}]}},"_links":{"self":[{"href":"https:\/\/ecotechceram.com\/it\/wp-json\/wp\/v2\/pages\/13682","targetHints":{"allow":["GET"]}}],"collection":[{"href":"https:\/\/ecotechceram.com\/it\/wp-json\/wp\/v2\/pages"}],"about":[{"href":"https:\/\/ecotechceram.com\/it\/wp-json\/wp\/v2\/types\/page"}],"author":[{"embeddable":true,"href":"https:\/\/ecotechceram.com\/it\/wp-json\/wp\/v2\/users\/3"}],"replies":[{"embeddable":true,"href":"https:\/\/ecotechceram.com\/it\/wp-json\/wp\/v2\/comments?post=13682"}],"version-history":[{"count":2,"href":"https:\/\/ecotechceram.com\/it\/wp-json\/wp\/v2\/pages\/13682\/revisions"}],"predecessor-version":[{"id":15537,"href":"https:\/\/ecotechceram.com\/it\/wp-json\/wp\/v2\/pages\/13682\/revisions\/15537"}],"wp:attachment":[{"href":"https:\/\/ecotechceram.com\/it\/wp-json\/wp\/v2\/media?parent=13682"}],"curies":[{"name":"wp","href":"https:\/\/api.w.org\/{rel}","templated":true}]}}