{"id":2802,"date":"2021-11-30T14:08:18","date_gmt":"2021-11-30T13:08:18","guid":{"rendered":"https:\/\/ecotechceram.com\/avviso-legale\/"},"modified":"2021-11-30T14:08:18","modified_gmt":"2021-11-30T13:08:18","slug":"avviso-legale","status":"publish","type":"page","link":"https:\/\/ecotechceram.com\/it\/avviso-legale\/","title":{"rendered":"Avviso legale"},"content":{"rendered":"<ol>\n<li><u> PRESENTAZIONE SITO WEB<\/u><\/li>\n<\/ol>\n<p>&nbsp;<\/p>\n<p><strong>Proprietario: ECO-TECH CERAM <\/strong><\/p>\n<p>Sede: Rambla della Termodinamica &#8211; 66100 Perpignan<\/p>\n<p>Eco-Tech Ceram, SAS con capitale di \u20ac 566.548<\/p>\n<p>SIRENA: 801 331 000 RCS di Perpignan<\/p>\n<p>NAF: 7112B \u201cIngegneria, studi tecnici\u201d<\/p>\n<p><strong>Direttore della pubblicazione: <\/strong><\/p>\n<ol>\n<li>Antoine MEFFRE &#8211; 5 rue de Vidailhan 31130 BALMA &#8211; contact@ecotechceram.com &#8211; 04 48 07 04 89<\/li>\n<\/ol>\n<p><strong>Ospite : <\/strong><\/p>\n<p>OVH &#8211; 2 rue Kellermann &#8211; 59100 Roubaix<\/p>\n<p>&nbsp;<\/p>\n<ol start=\"2\">\n<li><u> PROPRIETA&#8217; INTELLETTUALE E VIOLAZIONI<\/u><\/li>\n<\/ol>\n<p>&nbsp;<\/p>\n<p>La societ\u00e0 ECO-TECH CERAM \u00e8 titolare dei diritti di propriet\u00e0 intellettuale o detiene i diritti di utilizzo su tutti gli elementi accessibili sul sito, in particolare i testi, le immagini, la grafica, il logo, le icone, i suoni, i software.<\/p>\n<p>Qualsiasi riproduzione, rappresentazione, modifica, pubblicazione, adattamento di tutto o parte degli elementi del sito, qualunque sia il mezzo o processo utilizzato, \u00e8 vietata, se non previa autorizzazione scritta della societ\u00e0 ECO-TECH CERAM.<\/p>\n<p>Qualsiasi utilizzo non autorizzato del sito o di qualsiasi suo elemento in esso contenuto sar\u00e0 considerato costitutivo di contraffazione e perseguito ai sensi degli articoli L.335-2 e seguenti del Codice della Propriet\u00e0 Intellettuale.<\/p>\n<p>Crediti fotografici: Adobe Stock &#8211; Unsplash &#8211; Eco-Tech Ceram<\/p>\n<p>&nbsp;<\/p>\n<ol start=\"3\">\n<li><u> I CAMBIAMENTI<\/u><\/li>\n<\/ol>\n<p>&nbsp;<\/p>\n<p>ECO-TECH CERAM pu\u00f2 modificare le informazioni fornite su questo sito Web in qualsiasi momento senza preavviso.<\/p>\n<p>&nbsp;<\/p>\n<ol start=\"4\">\n<li><u> GESTIONE DEI DATI PERSONALI<\/u><\/li>\n<\/ol>\n<p>&nbsp;<\/p>\n<p>In Francia, i dati personali sono in particolare protetti dalla legge n\u00b0 78-87 del 6 gennaio 1978, dalla legge n\u00b0 2004-801 del 6 agosto 2004, dall&#8217;articolo L. 226-13 del codice penale e dalla direttiva europea del 24 ottobre , 1995.<\/p>\n<p>Durante l&#8217;utilizzo del sito www.ecotechceram.com possono essere raccolti: l&#8217;URL dei collegamenti attraverso i quali l&#8217;utente ha effettuato l&#8217;accesso al sito www.ecotechceram.com, il provider di accesso dell&#8217;utente, l&#8217;indirizzo IP (Internet Protocol) del utente.<\/p>\n<p>In ogni caso, la societ\u00e0 ECO-TECH CERAM raccoglie solo informazioni personali relative all&#8217;utente per le esigenze di alcuni servizi offerti dal sito www.ecotechceram.com. L&#8217;utente fornisce queste informazioni con piena conoscenza dei fatti, in particolare quando le inserisce lui stesso. Viene poi specificato all&#8217;utente del sito www.ecotechceram.com l&#8217;obbligo o meno di fornire la presente informativa.<\/p>\n<p>Conformemente alle disposizioni degli articoli 38 e seguenti della legge 78-17 del 6 gennaio 1978 in materia di trattamento dei dati, archivi e libert\u00e0, ogni utente ha diritto di accesso, rettifica e opposizione ai dati personali che lo riguardano, facendo richiesta scritta e firmata, corredata di copia del documento di identit\u00e0 con firma del titolare del documento, specificando l&#8217;indirizzo al quale inviare la risposta.<\/p>\n<p>Nessun dato personale dell&#8217;utente del sito www.ecotechceram.com viene pubblicato all&#8217;insaputa dell&#8217;utente, scambiato, trasferito, ceduto o venduto con qualsiasi mezzo a terzi.<\/p>\n<p>&nbsp;<\/p>\n<ol start=\"5\">\n<li><u> LINK IPERTESTUALI E COOKIE<\/u><\/li>\n<\/ol>\n<p>&nbsp;<\/p>\n<p>Il sito www.ecotechceram.com contiene alcuni collegamenti ipertestuali ad altri siti, creati con l&#8217;autorizzazione di ECO-TECH CERAM. Tuttavia, la societ\u00e0 ECO-TECH CERAM non ha la possibilit\u00e0 di verificare il contenuto dei siti cos\u00ec visitati, e quindi non si assume alcuna responsabilit\u00e0 per questo fatto.<\/p>\n<p>La navigazione sul sito www.ecotechceram.com pu\u00f2 causare l&#8217;installazione di cookie sul computer dell&#8217;utente. Un cookie \u00e8 un file di piccole dimensioni, che non consente l&#8217;identificazione dell&#8217;utente, ma che registra informazioni relative alla navigazione di un computer su un sito. I dati cos\u00ec ottenuti hanno la finalit\u00e0 di agevolare la successiva navigazione sul sito, e sono altres\u00ec volti a consentire diverse misure di presenze.<\/p>\n<p>Il rifiuto di installare un cookie pu\u00f2 comportare l&#8217;impossibilit\u00e0 di accedere a determinati servizi.<\/p>\n<p>L&#8217;utente pu\u00f2 disattivare questo cookie tramite i parametri che compaiono nel suo software di navigazione.<\/p>\n","protected":false},"excerpt":{"rendered":"<p>PRESENTAZIONE SITO WEB &nbsp; Proprietario: ECO-TECH CERAM Sede: Rambla della [&hellip;]<\/p>\n","protected":false},"author":1,"featured_media":0,"parent":0,"menu_order":0,"comment_status":"closed","ping_status":"closed","template":"","meta":{"_monsterinsights_skip_tracking":false,"_monsterinsights_sitenote_active":false,"_monsterinsights_sitenote_note":"","_monsterinsights_sitenote_category":0,"footnotes":""},"class_list":["post-2802","page","type-page","status-publish","hentry"],"yoast_head":"<!-- This site is optimized with the Yoast SEO plugin v25.9 - https:\/\/yoast.com\/wordpress\/plugins\/seo\/ -->\n<title>Avviso legale - Eco-Tech Ceram<\/title>\n<meta name=\"robots\" content=\"index, follow, max-snippet:-1, max-image-preview:large, max-video-preview:-1\" \/>\n<link rel=\"canonical\" href=\"https:\/\/ecotechceram.com\/it\/avviso-legale\/\" \/>\n<meta property=\"og:locale\" content=\"it_IT\" \/>\n<meta property=\"og:type\" content=\"article\" \/>\n<meta property=\"og:title\" content=\"Avviso legale - Eco-Tech Ceram\" \/>\n<meta property=\"og:description\" content=\"PRESENTAZIONE SITO WEB &nbsp; Proprietario: ECO-TECH CERAM Sede: Rambla della [&hellip;]\" \/>\n<meta property=\"og:url\" content=\"https:\/\/ecotechceram.com\/it\/avviso-legale\/\" \/>\n<meta property=\"og:site_name\" content=\"Eco-Tech Ceram\" \/>\n<meta property=\"article:publisher\" content=\"https:\/\/m.facebook.com\/ecotechceram\/?locale2=fr_FR\" \/>\n<meta name=\"twitter:card\" content=\"summary_large_image\" \/>\n<meta name=\"twitter:site\" content=\"@ecotechceram\" \/>\n<meta name=\"twitter:label1\" content=\"Tempo di lettura stimato\" \/>\n\t<meta name=\"twitter:data1\" content=\"3 minuti\" \/>\n<script type=\"application\/ld+json\" class=\"yoast-schema-graph\">{\"@context\":\"https:\/\/schema.org\",\"@graph\":[{\"@type\":\"WebPage\",\"@id\":\"https:\/\/ecotechceram.com\/it\/avviso-legale\/\",\"url\":\"https:\/\/ecotechceram.com\/it\/avviso-legale\/\",\"name\":\"Avviso legale - Eco-Tech Ceram\",\"isPartOf\":{\"@id\":\"https:\/\/ecotechceram.com\/en\/#website\"},\"datePublished\":\"2021-11-30T13:08:18+00:00\",\"breadcrumb\":{\"@id\":\"https:\/\/ecotechceram.com\/it\/avviso-legale\/#breadcrumb\"},\"inLanguage\":\"it-IT\",\"potentialAction\":[{\"@type\":\"ReadAction\",\"target\":[\"https:\/\/ecotechceram.com\/it\/avviso-legale\/\"]}]},{\"@type\":\"BreadcrumbList\",\"@id\":\"https:\/\/ecotechceram.com\/it\/avviso-legale\/#breadcrumb\",\"itemListElement\":[{\"@type\":\"ListItem\",\"position\":1,\"name\":\"Accueil\",\"item\":\"https:\/\/ecotechceram.com\/it\/casa\/\"},{\"@type\":\"ListItem\",\"position\":2,\"name\":\"Avviso legale\"}]},{\"@type\":\"WebSite\",\"@id\":\"https:\/\/ecotechceram.com\/en\/#website\",\"url\":\"https:\/\/ecotechceram.com\/en\/\",\"name\":\"Eco-Tech Ceram\",\"description\":\"La d\u00e9carbonation de l&#039;industrie\",\"publisher\":{\"@id\":\"https:\/\/ecotechceram.com\/en\/#organization\"},\"potentialAction\":[{\"@type\":\"SearchAction\",\"target\":{\"@type\":\"EntryPoint\",\"urlTemplate\":\"https:\/\/ecotechceram.com\/en\/?s={search_term_string}\"},\"query-input\":{\"@type\":\"PropertyValueSpecification\",\"valueRequired\":true,\"valueName\":\"search_term_string\"}}],\"inLanguage\":\"it-IT\"},{\"@type\":\"Organization\",\"@id\":\"https:\/\/ecotechceram.com\/en\/#organization\",\"name\":\"Eco-Tech Ceram\",\"url\":\"https:\/\/ecotechceram.com\/en\/\",\"logo\":{\"@type\":\"ImageObject\",\"inLanguage\":\"it-IT\",\"@id\":\"https:\/\/ecotechceram.com\/en\/#\/schema\/logo\/image\/\",\"url\":\"https:\/\/ecotechceram.com\/wp-content\/uploads\/2021\/07\/ecotechceram-logo-retina.png\",\"contentUrl\":\"https:\/\/ecotechceram.com\/wp-content\/uploads\/2021\/07\/ecotechceram-logo-retina.png\",\"width\":320,\"height\":160,\"caption\":\"Eco-Tech Ceram\"},\"image\":{\"@id\":\"https:\/\/ecotechceram.com\/en\/#\/schema\/logo\/image\/\"},\"sameAs\":[\"https:\/\/m.facebook.com\/ecotechceram\/?locale2=fr_FR\",\"https:\/\/x.com\/ecotechceram\",\"https:\/\/www.linkedin.com\/company\/10251563\"]}]}<\/script>\n<!-- \/ Yoast SEO plugin. -->","yoast_head_json":{"title":"Avviso legale - Eco-Tech Ceram","robots":{"index":"index","follow":"follow","max-snippet":"max-snippet:-1","max-image-preview":"max-image-preview:large","max-video-preview":"max-video-preview:-1"},"canonical":"https:\/\/ecotechceram.com\/it\/avviso-legale\/","og_locale":"it_IT","og_type":"article","og_title":"Avviso legale - Eco-Tech Ceram","og_description":"PRESENTAZIONE SITO WEB &nbsp; Proprietario: ECO-TECH CERAM Sede: Rambla della [&hellip;]","og_url":"https:\/\/ecotechceram.com\/it\/avviso-legale\/","og_site_name":"Eco-Tech Ceram","article_publisher":"https:\/\/m.facebook.com\/ecotechceram\/?locale2=fr_FR","twitter_card":"summary_large_image","twitter_site":"@ecotechceram","twitter_misc":{"Tempo di lettura stimato":"3 minuti"},"schema":{"@context":"https:\/\/schema.org","@graph":[{"@type":"WebPage","@id":"https:\/\/ecotechceram.com\/it\/avviso-legale\/","url":"https:\/\/ecotechceram.com\/it\/avviso-legale\/","name":"Avviso legale - Eco-Tech Ceram","isPartOf":{"@id":"https:\/\/ecotechceram.com\/en\/#website"},"datePublished":"2021-11-30T13:08:18+00:00","breadcrumb":{"@id":"https:\/\/ecotechceram.com\/it\/avviso-legale\/#breadcrumb"},"inLanguage":"it-IT","potentialAction":[{"@type":"ReadAction","target":["https:\/\/ecotechceram.com\/it\/avviso-legale\/"]}]},{"@type":"BreadcrumbList","@id":"https:\/\/ecotechceram.com\/it\/avviso-legale\/#breadcrumb","itemListElement":[{"@type":"ListItem","position":1,"name":"Accueil","item":"https:\/\/ecotechceram.com\/it\/casa\/"},{"@type":"ListItem","position":2,"name":"Avviso legale"}]},{"@type":"WebSite","@id":"https:\/\/ecotechceram.com\/en\/#website","url":"https:\/\/ecotechceram.com\/en\/","name":"Eco-Tech Ceram","description":"La d\u00e9carbonation de l&#039;industrie","publisher":{"@id":"https:\/\/ecotechceram.com\/en\/#organization"},"potentialAction":[{"@type":"SearchAction","target":{"@type":"EntryPoint","urlTemplate":"https:\/\/ecotechceram.com\/en\/?s={search_term_string}"},"query-input":{"@type":"PropertyValueSpecification","valueRequired":true,"valueName":"search_term_string"}}],"inLanguage":"it-IT"},{"@type":"Organization","@id":"https:\/\/ecotechceram.com\/en\/#organization","name":"Eco-Tech Ceram","url":"https:\/\/ecotechceram.com\/en\/","logo":{"@type":"ImageObject","inLanguage":"it-IT","@id":"https:\/\/ecotechceram.com\/en\/#\/schema\/logo\/image\/","url":"https:\/\/ecotechceram.com\/wp-content\/uploads\/2021\/07\/ecotechceram-logo-retina.png","contentUrl":"https:\/\/ecotechceram.com\/wp-content\/uploads\/2021\/07\/ecotechceram-logo-retina.png","width":320,"height":160,"caption":"Eco-Tech Ceram"},"image":{"@id":"https:\/\/ecotechceram.com\/en\/#\/schema\/logo\/image\/"},"sameAs":["https:\/\/m.facebook.com\/ecotechceram\/?locale2=fr_FR","https:\/\/x.com\/ecotechceram","https:\/\/www.linkedin.com\/company\/10251563"]}]}},"_links":{"self":[{"href":"https:\/\/ecotechceram.com\/it\/wp-json\/wp\/v2\/pages\/2802","targetHints":{"allow":["GET"]}}],"collection":[{"href":"https:\/\/ecotechceram.com\/it\/wp-json\/wp\/v2\/pages"}],"about":[{"href":"https:\/\/ecotechceram.com\/it\/wp-json\/wp\/v2\/types\/page"}],"author":[{"embeddable":true,"href":"https:\/\/ecotechceram.com\/it\/wp-json\/wp\/v2\/users\/1"}],"replies":[{"embeddable":true,"href":"https:\/\/ecotechceram.com\/it\/wp-json\/wp\/v2\/comments?post=2802"}],"version-history":[{"count":0,"href":"https:\/\/ecotechceram.com\/it\/wp-json\/wp\/v2\/pages\/2802\/revisions"}],"wp:attachment":[{"href":"https:\/\/ecotechceram.com\/it\/wp-json\/wp\/v2\/media?parent=2802"}],"curies":[{"name":"wp","href":"https:\/\/api.w.org\/{rel}","templated":true}]}}