{"id":2834,"date":"2021-11-22T20:01:57","date_gmt":"2021-11-22T19:01:57","guid":{"rendered":"https:\/\/ecotechceram.com\/energie-rinnovabili-e-senza-emissioni-di-carbonio\/"},"modified":"2024-06-06T16:40:43","modified_gmt":"2024-06-06T14:40:43","slug":"energie-rinnovabili-e-senza-emissioni-di-carbonio","status":"publish","type":"page","link":"https:\/\/ecotechceram.com\/it\/energie-rinnovabili-e-senza-emissioni-di-carbonio\/","title":{"rendered":"Energie rinnovabili e senza emissioni di carbonio"},"content":{"rendered":"<p><div class=\"fusion-fullwidth fullwidth-box fusion-builder-row-1 fusion-flex-container nonhundred-percent-fullwidth non-hundred-percent-height-scrolling\" style=\"background-color: rgba(255,255,255,0);background-position: center center;background-repeat: no-repeat;border-width: 0px 0px 0px 0px;border-color:#e2e2e2;border-style:solid;\" ><div class=\"fusion-builder-row fusion-row fusion-flex-align-items-flex-start\" style=\"max-width:1497.6px;margin-left: calc(-4% \/ 2 );margin-right: calc(-4% \/ 2 );\"><div class=\"fusion-layout-column fusion_builder_column fusion-builder-column-0 fusion_builder_column_2_5 2_5 fusion-flex-column\"><div class=\"fusion-column-wrapper fusion-flex-justify-content-flex-start fusion-content-layout-column\" style=\"background-position:left top;background-repeat:no-repeat;-webkit-background-size:cover;-moz-background-size:cover;-o-background-size:cover;background-size:cover;padding: 0px 0px 0px 0px;\"><div ><span class=\" fusion-imageframe imageframe-none imageframe-1 hover-type-none\" style=\"max-width:150px;margin-bottom:20px;\"><img decoding=\"async\" width=\"398\" height=\"300\" title=\"picto-renouvable-c\" src=\"https:\/\/ecotechceram.com\/wp-content\/uploads\/2021\/12\/picto-renouvable-c.png\" class=\"img-responsive wp-image-2708\" srcset=\"https:\/\/ecotechceram.com\/wp-content\/uploads\/2021\/12\/picto-renouvable-c-200x151.png 200w, https:\/\/ecotechceram.com\/wp-content\/uploads\/2021\/12\/picto-renouvable-c.png 398w\" sizes=\"(max-width: 640px) 100vw, 398px\" \/><\/span><\/div><div class=\"fusion-text fusion-text-1\"><p>Abbinato al sistema di <a href=\"https:\/\/ecotechceram.com\/it\/accumulo-di-energia\/\"><br \/>\n  <strong>sistema di stoccaggio <\/strong><br \/>\n  <strong>Sistema di stoccaggio Eco-Stock<\/strong><br \/>\n<\/a>di stoccaggio, abbiamo creato un sistema di <a href=\"https:\/\/www.youtube.com\/watch?v=vbmksN-5fSQ\"><br \/>\n  <strong>energia da riscaldare<\/strong><br \/>\n<\/a> presso lo stabilimento <a href=\"https:\/\/ecotechceram.com\/it\/portfolio-items\/strumento-pmi-h2020-fase-2\/\">Villeroy &amp; Boch<\/a> di Valence d&#8217;Agen.<\/p>\n<p>Stiamo anche progettando di sviluppare <a href=\"https:\/\/www.youtube.com\/watch?v=orCi8AyWnhg\">il power to heat to power<\/a>, che consentir\u00e0 di immagazzinare in modo massiccio l&#8217;elettricit\u00e0 con il calore. In particolare, possiamo superare il problema della natura intermittente delle energie rinnovabili e garantire una produzione costante di elettricit\u00e0. L&#8217;elettricit\u00e0 in eccesso generata da fonti rinnovabili pu\u00f2 essere convertita e immagazzinata come calore. Il calore immagazzinato pu\u00f2 quindi essere ridistribuito direttamente in base alle esigenze.<\/p>\n<p>Quando la domanda di energia elettrica \u00e8 maggiore della produzione di energie rinnovabili, il calore accumulato pu\u00f2, altrettanto, essere riconvertito in energia elettrica tramite una turbina o un ciclo ORC ed essere consumato localmente o ridistribuito verso la rete.<\/p>\n<div class=\"fusion-button-wrapper\"><style type=\"text\/css\">.fusion-button.button-1 {border-radius:0px;}<\/style><a class=\"fusion-button button-flat fusion-button-default-size button-default button-1 fusion-button-default-span fusion-button-default-type\" target=\"_self\" href=\"https:\/\/ecotechceram.com\/it\/riferimenti\/\"><span class=\"fusion-button-text\">Guarda i nostri progetti industriali<\/span><i class=\"fa-arrow-right fas button-icon-right\" aria-hidden=\"true\"><\/i><\/a><\/div>\n<\/div><\/div><style type=\"text\/css\">.fusion-body .fusion-builder-column-0{width:40% !important;margin-top : 0px;margin-bottom : 20px;}.fusion-builder-column-0 > .fusion-column-wrapper {padding-top : 0px !important;padding-right : 0px !important;margin-right : 4.8%;padding-bottom : 0px !important;padding-left : 0px !important;margin-left : 4.8%;}@media only screen and (max-width:1024px) {.fusion-body .fusion-builder-column-0{width:40% !important;order : 0;}.fusion-builder-column-0 > .fusion-column-wrapper {margin-right : 4.8%;margin-left : 4.8%;}}@media only screen and (max-width:640px) {.fusion-body .fusion-builder-column-0{width:100% !important;order : 0;}.fusion-builder-column-0 > .fusion-column-wrapper {margin-right : 1.92%;margin-left : 1.92%;}}<\/style><\/div><div class=\"fusion-layout-column fusion_builder_column fusion-builder-column-1 fusion_builder_column_3_5 3_5 fusion-flex-column\"><div class=\"fusion-column-wrapper fusion-flex-justify-content-flex-start fusion-content-layout-column fusion-empty-column-bg-image\" style=\"background-image: url(&#039;https:\/\/ecotechceram.com\/wp-content\/uploads\/2021\/12\/comp_enr.jpg&#039;);background-position:left top;background-repeat:no-repeat;-webkit-background-size:cover;-moz-background-size:cover;-o-background-size:cover;background-size:cover;padding: 0px 0px 0px 0px;\" data-bg-url=\"https:\/\/ecotechceram.com\/wp-content\/uploads\/2021\/12\/comp_enr.jpg\"><img decoding=\"async\" class=\"fusion-empty-dims-img-placeholder\" src=\"data:image\/svg+xml,%3Csvg%20xmlns%3D%27http%3A%2F%2Fwww.w3.org%2F2000%2Fsvg%27%20width%3D%27850%27%20height%3D%27510%27%20viewBox%3D%270%200%20850%20510%27%3E%3Crect%20width%3D%27850%27%20height%3D%27510%27%20fill-opacity%3D%220%22%2F%3E%3C%2Fsvg%3E\"><\/div><style type=\"text\/css\">.fusion-body .fusion-builder-column-1{width:60% !important;margin-top : 0px;margin-bottom : 20px;}.fusion-builder-column-1 > .fusion-column-wrapper {padding-top : 0px !important;padding-right : 0px !important;margin-right : 3.2%;padding-bottom : 0px !important;padding-left : 0px !important;margin-left : 3.2%;}@media only screen and (max-width:1024px) {.fusion-body .fusion-builder-column-1{width:60% !important;order : 0;}.fusion-builder-column-1 > .fusion-column-wrapper {margin-right : 3.2%;margin-left : 3.2%;}}@media only screen and (max-width:640px) {.fusion-body .fusion-builder-column-1{width:100% !important;order : 0;}.fusion-builder-column-1 > .fusion-column-wrapper {margin-right : 1.92%;margin-left : 1.92%;}}<\/style><\/div><\/div><style type=\"text\/css\">.fusion-body .fusion-flex-container.fusion-builder-row-1{ padding-top : 0px;margin-top : 0px;padding-right : 0px;padding-bottom : 30px;margin-bottom : 0px;padding-left : 0px;}<\/style><\/div><div class=\"fusion-fullwidth fullwidth-box fusion-builder-row-2 fusion-flex-container nonhundred-percent-fullwidth non-hundred-percent-height-scrolling\" style=\"background-color: rgba(255,255,255,0);background-position: center center;background-repeat: no-repeat;border-width: 0px 0px 0px 0px;border-color:#e2e2e2;border-style:solid;\" ><div class=\"fusion-builder-row fusion-row fusion-flex-align-items-flex-start\" style=\"max-width:1497.6px;margin-left: calc(-4% \/ 2 );margin-right: calc(-4% \/ 2 );\"><div class=\"fusion-layout-column fusion_builder_column fusion-builder-column-2 fusion_builder_column_1_2 1_2 fusion-flex-column\"><div class=\"fusion-column-wrapper fusion-flex-justify-content-flex-start fusion-content-layout-column\" style=\"background-position:left top;background-repeat:no-repeat;-webkit-background-size:cover;-moz-background-size:cover;-o-background-size:cover;background-size:cover;padding: 0px 0px 0px 0px;\"><div class=\"fusion-video fusion-youtube\" style=\"max-width:600px;max-height:360px;\"><div class=\"video-shortcode\"><iframe title=\"YouTube video player 1\" src=\"https:\/\/www.youtube.com\/embed\/vbmksN-5fSQ?wmode=transparent&autoplay=0\" width=\"600\" height=\"360\" allowfullscreen allow=\"autoplay; fullscreen\"><\/iframe><\/div><\/div><\/div><style type=\"text\/css\">.fusion-body .fusion-builder-column-2{width:50% !important;margin-top : 0px;margin-bottom : 20px;}.fusion-builder-column-2 > .fusion-column-wrapper {padding-top : 0px !important;padding-right : 0px !important;margin-right : 3.84%;padding-bottom : 0px !important;padding-left : 0px !important;margin-left : 3.84%;}@media only screen and (max-width:1024px) {.fusion-body .fusion-builder-column-2{width:50% !important;order : 0;}.fusion-builder-column-2 > .fusion-column-wrapper {margin-right : 3.84%;margin-left : 3.84%;}}@media only screen and (max-width:640px) {.fusion-body .fusion-builder-column-2{width:100% !important;order : 0;}.fusion-builder-column-2 > .fusion-column-wrapper {margin-right : 1.92%;margin-left : 1.92%;}}<\/style><\/div><div class=\"fusion-layout-column fusion_builder_column fusion-builder-column-3 fusion_builder_column_1_2 1_2 fusion-flex-column\"><div class=\"fusion-column-wrapper fusion-flex-justify-content-flex-start fusion-content-layout-column\" style=\"background-position:left top;background-repeat:no-repeat;-webkit-background-size:cover;-moz-background-size:cover;-o-background-size:cover;background-size:cover;padding: 0px 0px 0px 0px;\"><div class=\"fusion-video fusion-youtube\" style=\"max-width:600px;max-height:360px;\"><div class=\"video-shortcode\"><iframe title=\"YouTube video player 2\" src=\"https:\/\/www.youtube.com\/embed\/orCi8AyWnhg?wmode=transparent&autoplay=0\" width=\"600\" height=\"360\" allowfullscreen allow=\"autoplay; fullscreen\"><\/iframe><\/div><\/div><\/div><style type=\"text\/css\">.fusion-body .fusion-builder-column-3{width:50% !important;margin-top : 0px;margin-bottom : 20px;}.fusion-builder-column-3 > .fusion-column-wrapper {padding-top : 0px !important;padding-right : 0px !important;margin-right : 3.84%;padding-bottom : 0px !important;padding-left : 0px !important;margin-left : 3.84%;}@media only screen and (max-width:1024px) {.fusion-body .fusion-builder-column-3{width:50% !important;order : 0;}.fusion-builder-column-3 > .fusion-column-wrapper {margin-right : 3.84%;margin-left : 3.84%;}}@media only screen and (max-width:640px) {.fusion-body .fusion-builder-column-3{width:100% !important;order : 0;}.fusion-builder-column-3 > .fusion-column-wrapper {margin-right : 1.92%;margin-left : 1.92%;}}<\/style><\/div><\/div><style type=\"text\/css\">.fusion-body .fusion-flex-container.fusion-builder-row-2{ padding-top : 0px;margin-top : 0px;padding-right : 0px;padding-bottom : 0px;margin-bottom : 0px;padding-left : 0px;}<\/style><\/div><\/p>\n","protected":false},"excerpt":{"rendered":"","protected":false},"author":1,"featured_media":0,"parent":0,"menu_order":0,"comment_status":"closed","ping_status":"closed","template":"100-width.php","meta":{"_monsterinsights_skip_tracking":false,"_monsterinsights_sitenote_active":false,"_monsterinsights_sitenote_note":"","_monsterinsights_sitenote_category":0,"footnotes":""},"class_list":["post-2834","page","type-page","status-publish","hentry"],"yoast_head":"<!-- This site is optimized with the Yoast SEO plugin v25.9 - https:\/\/yoast.com\/wordpress\/plugins\/seo\/ -->\n<title>Energie rinnovabili e senza emissioni di carbonio - Eco-Tech Ceram<\/title>\n<meta name=\"robots\" content=\"index, follow, max-snippet:-1, max-image-preview:large, max-video-preview:-1\" \/>\n<link rel=\"canonical\" href=\"https:\/\/ecotechceram.com\/it\/energie-rinnovabili-e-senza-emissioni-di-carbonio\/\" \/>\n<meta property=\"og:locale\" content=\"it_IT\" \/>\n<meta property=\"og:type\" content=\"article\" \/>\n<meta property=\"og:title\" content=\"Energie rinnovabili e senza emissioni di carbonio - Eco-Tech Ceram\" \/>\n<meta property=\"og:url\" content=\"https:\/\/ecotechceram.com\/it\/energie-rinnovabili-e-senza-emissioni-di-carbonio\/\" \/>\n<meta property=\"og:site_name\" content=\"Eco-Tech Ceram\" \/>\n<meta property=\"article:publisher\" content=\"https:\/\/m.facebook.com\/ecotechceram\/?locale2=fr_FR\" \/>\n<meta property=\"article:modified_time\" content=\"2024-06-06T14:40:43+00:00\" \/>\n<meta name=\"twitter:card\" content=\"summary_large_image\" \/>\n<meta name=\"twitter:site\" content=\"@ecotechceram\" \/>\n<meta name=\"twitter:label1\" content=\"Tempo di lettura stimato\" \/>\n\t<meta name=\"twitter:data1\" content=\"10 minuti\" \/>\n<script type=\"application\/ld+json\" class=\"yoast-schema-graph\">{\"@context\":\"https:\/\/schema.org\",\"@graph\":[{\"@type\":\"WebPage\",\"@id\":\"https:\/\/ecotechceram.com\/it\/energie-rinnovabili-e-senza-emissioni-di-carbonio\/\",\"url\":\"https:\/\/ecotechceram.com\/it\/energie-rinnovabili-e-senza-emissioni-di-carbonio\/\",\"name\":\"Energie rinnovabili e senza emissioni di carbonio - Eco-Tech Ceram\",\"isPartOf\":{\"@id\":\"https:\/\/ecotechceram.com\/en\/#website\"},\"datePublished\":\"2021-11-22T19:01:57+00:00\",\"dateModified\":\"2024-06-06T14:40:43+00:00\",\"breadcrumb\":{\"@id\":\"https:\/\/ecotechceram.com\/it\/energie-rinnovabili-e-senza-emissioni-di-carbonio\/#breadcrumb\"},\"inLanguage\":\"it-IT\",\"potentialAction\":[{\"@type\":\"ReadAction\",\"target\":[\"https:\/\/ecotechceram.com\/it\/energie-rinnovabili-e-senza-emissioni-di-carbonio\/\"]}]},{\"@type\":\"BreadcrumbList\",\"@id\":\"https:\/\/ecotechceram.com\/it\/energie-rinnovabili-e-senza-emissioni-di-carbonio\/#breadcrumb\",\"itemListElement\":[{\"@type\":\"ListItem\",\"position\":1,\"name\":\"Accueil\",\"item\":\"https:\/\/ecotechceram.com\/it\/casa\/\"},{\"@type\":\"ListItem\",\"position\":2,\"name\":\"Energie rinnovabili e senza emissioni di carbonio\"}]},{\"@type\":\"WebSite\",\"@id\":\"https:\/\/ecotechceram.com\/en\/#website\",\"url\":\"https:\/\/ecotechceram.com\/en\/\",\"name\":\"Eco-Tech Ceram\",\"description\":\"La d\u00e9carbonation de l&#039;industrie\",\"publisher\":{\"@id\":\"https:\/\/ecotechceram.com\/en\/#organization\"},\"potentialAction\":[{\"@type\":\"SearchAction\",\"target\":{\"@type\":\"EntryPoint\",\"urlTemplate\":\"https:\/\/ecotechceram.com\/en\/?s={search_term_string}\"},\"query-input\":{\"@type\":\"PropertyValueSpecification\",\"valueRequired\":true,\"valueName\":\"search_term_string\"}}],\"inLanguage\":\"it-IT\"},{\"@type\":\"Organization\",\"@id\":\"https:\/\/ecotechceram.com\/en\/#organization\",\"name\":\"Eco-Tech Ceram\",\"url\":\"https:\/\/ecotechceram.com\/en\/\",\"logo\":{\"@type\":\"ImageObject\",\"inLanguage\":\"it-IT\",\"@id\":\"https:\/\/ecotechceram.com\/en\/#\/schema\/logo\/image\/\",\"url\":\"https:\/\/ecotechceram.com\/wp-content\/uploads\/2021\/07\/ecotechceram-logo-retina.png\",\"contentUrl\":\"https:\/\/ecotechceram.com\/wp-content\/uploads\/2021\/07\/ecotechceram-logo-retina.png\",\"width\":320,\"height\":160,\"caption\":\"Eco-Tech Ceram\"},\"image\":{\"@id\":\"https:\/\/ecotechceram.com\/en\/#\/schema\/logo\/image\/\"},\"sameAs\":[\"https:\/\/m.facebook.com\/ecotechceram\/?locale2=fr_FR\",\"https:\/\/x.com\/ecotechceram\",\"https:\/\/www.linkedin.com\/company\/10251563\"]}]}<\/script>\n<!-- \/ Yoast SEO plugin. -->","yoast_head_json":{"title":"Energie rinnovabili e senza emissioni di carbonio - Eco-Tech Ceram","robots":{"index":"index","follow":"follow","max-snippet":"max-snippet:-1","max-image-preview":"max-image-preview:large","max-video-preview":"max-video-preview:-1"},"canonical":"https:\/\/ecotechceram.com\/it\/energie-rinnovabili-e-senza-emissioni-di-carbonio\/","og_locale":"it_IT","og_type":"article","og_title":"Energie rinnovabili e senza emissioni di carbonio - Eco-Tech Ceram","og_url":"https:\/\/ecotechceram.com\/it\/energie-rinnovabili-e-senza-emissioni-di-carbonio\/","og_site_name":"Eco-Tech Ceram","article_publisher":"https:\/\/m.facebook.com\/ecotechceram\/?locale2=fr_FR","article_modified_time":"2024-06-06T14:40:43+00:00","twitter_card":"summary_large_image","twitter_site":"@ecotechceram","twitter_misc":{"Tempo di lettura stimato":"10 minuti"},"schema":{"@context":"https:\/\/schema.org","@graph":[{"@type":"WebPage","@id":"https:\/\/ecotechceram.com\/it\/energie-rinnovabili-e-senza-emissioni-di-carbonio\/","url":"https:\/\/ecotechceram.com\/it\/energie-rinnovabili-e-senza-emissioni-di-carbonio\/","name":"Energie rinnovabili e senza emissioni di carbonio - Eco-Tech Ceram","isPartOf":{"@id":"https:\/\/ecotechceram.com\/en\/#website"},"datePublished":"2021-11-22T19:01:57+00:00","dateModified":"2024-06-06T14:40:43+00:00","breadcrumb":{"@id":"https:\/\/ecotechceram.com\/it\/energie-rinnovabili-e-senza-emissioni-di-carbonio\/#breadcrumb"},"inLanguage":"it-IT","potentialAction":[{"@type":"ReadAction","target":["https:\/\/ecotechceram.com\/it\/energie-rinnovabili-e-senza-emissioni-di-carbonio\/"]}]},{"@type":"BreadcrumbList","@id":"https:\/\/ecotechceram.com\/it\/energie-rinnovabili-e-senza-emissioni-di-carbonio\/#breadcrumb","itemListElement":[{"@type":"ListItem","position":1,"name":"Accueil","item":"https:\/\/ecotechceram.com\/it\/casa\/"},{"@type":"ListItem","position":2,"name":"Energie rinnovabili e senza emissioni di carbonio"}]},{"@type":"WebSite","@id":"https:\/\/ecotechceram.com\/en\/#website","url":"https:\/\/ecotechceram.com\/en\/","name":"Eco-Tech Ceram","description":"La d\u00e9carbonation de l&#039;industrie","publisher":{"@id":"https:\/\/ecotechceram.com\/en\/#organization"},"potentialAction":[{"@type":"SearchAction","target":{"@type":"EntryPoint","urlTemplate":"https:\/\/ecotechceram.com\/en\/?s={search_term_string}"},"query-input":{"@type":"PropertyValueSpecification","valueRequired":true,"valueName":"search_term_string"}}],"inLanguage":"it-IT"},{"@type":"Organization","@id":"https:\/\/ecotechceram.com\/en\/#organization","name":"Eco-Tech Ceram","url":"https:\/\/ecotechceram.com\/en\/","logo":{"@type":"ImageObject","inLanguage":"it-IT","@id":"https:\/\/ecotechceram.com\/en\/#\/schema\/logo\/image\/","url":"https:\/\/ecotechceram.com\/wp-content\/uploads\/2021\/07\/ecotechceram-logo-retina.png","contentUrl":"https:\/\/ecotechceram.com\/wp-content\/uploads\/2021\/07\/ecotechceram-logo-retina.png","width":320,"height":160,"caption":"Eco-Tech Ceram"},"image":{"@id":"https:\/\/ecotechceram.com\/en\/#\/schema\/logo\/image\/"},"sameAs":["https:\/\/m.facebook.com\/ecotechceram\/?locale2=fr_FR","https:\/\/x.com\/ecotechceram","https:\/\/www.linkedin.com\/company\/10251563"]}]}},"_links":{"self":[{"href":"https:\/\/ecotechceram.com\/it\/wp-json\/wp\/v2\/pages\/2834","targetHints":{"allow":["GET"]}}],"collection":[{"href":"https:\/\/ecotechceram.com\/it\/wp-json\/wp\/v2\/pages"}],"about":[{"href":"https:\/\/ecotechceram.com\/it\/wp-json\/wp\/v2\/types\/page"}],"author":[{"embeddable":true,"href":"https:\/\/ecotechceram.com\/it\/wp-json\/wp\/v2\/users\/1"}],"replies":[{"embeddable":true,"href":"https:\/\/ecotechceram.com\/it\/wp-json\/wp\/v2\/comments?post=2834"}],"version-history":[{"count":7,"href":"https:\/\/ecotechceram.com\/it\/wp-json\/wp\/v2\/pages\/2834\/revisions"}],"predecessor-version":[{"id":14105,"href":"https:\/\/ecotechceram.com\/it\/wp-json\/wp\/v2\/pages\/2834\/revisions\/14105"}],"wp:attachment":[{"href":"https:\/\/ecotechceram.com\/it\/wp-json\/wp\/v2\/media?parent=2834"}],"curies":[{"name":"wp","href":"https:\/\/api.w.org\/{rel}","templated":true}]}}